
{"id":518,"date":"2023-07-03T14:59:03","date_gmt":"2023-07-03T13:59:03","guid":{"rendered":"https:\/\/ks-zdole.si\/?page_id=518"},"modified":"2023-11-09T13:46:26","modified_gmt":"2023-11-09T12:46:26","slug":"cerkev-sv-vida-v-kostanjku","status":"publish","type":"page","link":"https:\/\/ks-zdole.si\/index.php\/cerkev-sv-vida-v-kostanjku\/","title":{"rendered":"CERKEV SV. VIDA V KOSTANJKU"},"content":{"rendered":"\n<div style=\"height:40px\" aria-hidden=\"true\" class=\"wp-block-spacer\"><\/div>\n\n\n<script type=\"text\/javascript\">\r\ndocument.addEventListener(\"DOMContentLoaded\", function(event) { \r\n\tjQuery( '#slider-pro-3-1908' ).sliderPro({\r\n\t\t\/\/width\r\n\t\t\t\twidth: \"100%\",\r\n\t\t\t\t\r\n\t\t\/\/height\r\n\t\t\t\theight: 500,\r\n\t\t\t\t\r\n\t\t\/\/auto play\r\n\t\t\t\tautoplay:  true,\r\n\t\tautoplayOnHover: 'none',\r\n\t\t\t\t\t\t\t\tautoplayDelay: 5000,\r\n\t\t\r\n\t\t\r\n\t\tarrows: true,\r\n\t\tbuttons: false,\r\n\t\tsmallSize: 500,\r\n\t\tmediumSize: 1000,\r\n\t\tlargeSize: 3000,\r\n\t\tfade: true,\r\n\t\t\r\n\t\t\/\/thumbnail\r\n\t\tthumbnailArrows: true,\r\n\t\tthumbnailWidth: 120,\r\n\t\tthumbnailHeight: 120,\r\n\t\t\t\t\t\tthumbnailsPosition: 'bottom',\r\n\t\t\t\t\t\tcenterImage: true,\r\n\t\timageScaleMode: 'none',\r\n\t\tallowScaleUp: true,\r\n\t\t\t\tstartSlide: 0,\r\n\t\tloop: true,\r\n\t\tslideDistance: 5,\r\n\t\tautoplayDirection: 'normal',\r\n\t\ttouchSwipe: true,\r\n\t\tfullScreen: true,\r\n\t});\r\n});\r\n<\/script>\r\n\r\n\t\t<div id=\"slider-pro-3-1908\" class=\"slider-pro\">\r\n\t\t\t<!---- slides div start ---->\r\n\t\t\t<div class=\"sp-slides\">\r\n\t\t\t\t\t\t\t\t\t\t<div class=\"sp-slide\">\r\n\t\t\t\t\t\t\t<img decoding=\"async\" class=\"sp-image\" loading=\"lazy\" alt=\"kostanjek_9\" src=\"https:\/\/ks-zdole.si\/wp-content\/plugins\/ultimate-responsive-image-slider\/assets\/css\/images\/blank.gif\" data-src=\"https:\/\/ks-zdole.si\/wp-content\/uploads\/2023\/07\/kostanjek_9.jpg\" \/>\r\n\r\n\t\t\t\t\t\t\t\r\n\t\t\t\t\t\t\t\t\t\t\t\t\t<\/div>\r\n\t\t\t\t\t\t\t\t\t\t\t\t<div class=\"sp-slide\">\r\n\t\t\t\t\t\t\t<img decoding=\"async\" class=\"sp-image\" loading=\"lazy\" alt=\"kostanjek_8\" src=\"https:\/\/ks-zdole.si\/wp-content\/plugins\/ultimate-responsive-image-slider\/assets\/css\/images\/blank.gif\" data-src=\"https:\/\/ks-zdole.si\/wp-content\/uploads\/2023\/07\/kostanjek_8.jpg\" \/>\r\n\r\n\t\t\t\t\t\t\t\r\n\t\t\t\t\t\t\t\t\t\t\t\t\t<\/div>\r\n\t\t\t\t\t\t\t\t\t\t\t\t<div class=\"sp-slide\">\r\n\t\t\t\t\t\t\t<img decoding=\"async\" class=\"sp-image\" loading=\"lazy\" alt=\"kostanjek_2\" src=\"https:\/\/ks-zdole.si\/wp-content\/plugins\/ultimate-responsive-image-slider\/assets\/css\/images\/blank.gif\" data-src=\"https:\/\/ks-zdole.si\/wp-content\/uploads\/2023\/07\/kostanjek_2.jpg\" \/>\r\n\r\n\t\t\t\t\t\t\t\r\n\t\t\t\t\t\t\t\t\t\t\t\t\t<\/div>\r\n\t\t\t\t\t\t\t\t\t\t\t\t<div class=\"sp-slide\">\r\n\t\t\t\t\t\t\t<img decoding=\"async\" class=\"sp-image\" loading=\"lazy\" alt=\"kostanjek_1\" src=\"https:\/\/ks-zdole.si\/wp-content\/plugins\/ultimate-responsive-image-slider\/assets\/css\/images\/blank.gif\" data-src=\"https:\/\/ks-zdole.si\/wp-content\/uploads\/2023\/07\/kostanjek_1.jpg\" \/>\r\n\r\n\t\t\t\t\t\t\t\r\n\t\t\t\t\t\t\t\t\t\t\t\t\t<\/div>\r\n\t\t\t\t\t\t\t\t\t\t\t\t<div class=\"sp-slide\">\r\n\t\t\t\t\t\t\t<img decoding=\"async\" class=\"sp-image\" loading=\"lazy\" alt=\"kostanjek_5\" src=\"https:\/\/ks-zdole.si\/wp-content\/plugins\/ultimate-responsive-image-slider\/assets\/css\/images\/blank.gif\" data-src=\"https:\/\/ks-zdole.si\/wp-content\/uploads\/2023\/07\/kostanjek_5.jpg\" \/>\r\n\r\n\t\t\t\t\t\t\t\r\n\t\t\t\t\t\t\t\t\t\t\t\t\t<\/div>\r\n\t\t\t\t\t\t\t\t\t\t\t\t<div class=\"sp-slide\">\r\n\t\t\t\t\t\t\t<img decoding=\"async\" class=\"sp-image\" loading=\"lazy\" alt=\"kostanjek_3\" src=\"https:\/\/ks-zdole.si\/wp-content\/plugins\/ultimate-responsive-image-slider\/assets\/css\/images\/blank.gif\" data-src=\"https:\/\/ks-zdole.si\/wp-content\/uploads\/2023\/07\/kostanjek_3.jpg\" \/>\r\n\r\n\t\t\t\t\t\t\t\r\n\t\t\t\t\t\t\t\t\t\t\t\t\t<\/div>\r\n\t\t\t\t\t\t\t\t\t\t\t\t<div class=\"sp-slide\">\r\n\t\t\t\t\t\t\t<img decoding=\"async\" class=\"sp-image\" loading=\"lazy\" alt=\"kostanjek_7\" src=\"https:\/\/ks-zdole.si\/wp-content\/plugins\/ultimate-responsive-image-slider\/assets\/css\/images\/blank.gif\" data-src=\"https:\/\/ks-zdole.si\/wp-content\/uploads\/2023\/07\/kostanjek_7.jpg\" \/>\r\n\r\n\t\t\t\t\t\t\t\r\n\t\t\t\t\t\t\t\t\t\t\t\t\t<\/div>\r\n\t\t\t\t\t\t\t\t\t<\/div>\r\n\t\t\t\r\n\t\t\t<!---- slides div end ---->\r\n\t\t\t\t\t\t<!-- slides thumbnails div start -->\r\n\t\t\t<div class=\"sp-thumbnails\">\r\n\t\t\t\t\t\t\t\t\t\t<img decoding=\"async\" class=\"sp-thumbnail\" loading=\"lazy\" src=\"https:\/\/ks-zdole.si\/wp-content\/plugins\/ultimate-responsive-image-slider\/assets\/img\/loading.gif\" data-src=\"https:\/\/ks-zdole.si\/wp-content\/uploads\/2023\/07\/kostanjek_9-199x300.jpg\" alt=\"kostanjek_9\"\/>\r\n\t\t\t\t\t\t\t\t\t\t\t<img decoding=\"async\" class=\"sp-thumbnail\" loading=\"lazy\" src=\"https:\/\/ks-zdole.si\/wp-content\/plugins\/ultimate-responsive-image-slider\/assets\/img\/loading.gif\" data-src=\"https:\/\/ks-zdole.si\/wp-content\/uploads\/2023\/07\/kostanjek_8-300x203.jpg\" alt=\"kostanjek_8\"\/>\r\n\t\t\t\t\t\t\t\t\t\t\t<img decoding=\"async\" class=\"sp-thumbnail\" loading=\"lazy\" src=\"https:\/\/ks-zdole.si\/wp-content\/plugins\/ultimate-responsive-image-slider\/assets\/img\/loading.gif\" data-src=\"https:\/\/ks-zdole.si\/wp-content\/uploads\/2023\/07\/kostanjek_2-199x300.jpg\" alt=\"kostanjek_2\"\/>\r\n\t\t\t\t\t\t\t\t\t\t\t<img decoding=\"async\" class=\"sp-thumbnail\" loading=\"lazy\" src=\"https:\/\/ks-zdole.si\/wp-content\/plugins\/ultimate-responsive-image-slider\/assets\/img\/loading.gif\" data-src=\"https:\/\/ks-zdole.si\/wp-content\/uploads\/2023\/07\/kostanjek_1-300x199.jpg\" alt=\"kostanjek_1\"\/>\r\n\t\t\t\t\t\t\t\t\t\t\t<img decoding=\"async\" class=\"sp-thumbnail\" loading=\"lazy\" src=\"https:\/\/ks-zdole.si\/wp-content\/plugins\/ultimate-responsive-image-slider\/assets\/img\/loading.gif\" data-src=\"https:\/\/ks-zdole.si\/wp-content\/uploads\/2023\/07\/kostanjek_5-300x200.jpg\" alt=\"kostanjek_5\"\/>\r\n\t\t\t\t\t\t\t\t\t\t\t<img decoding=\"async\" class=\"sp-thumbnail\" loading=\"lazy\" src=\"https:\/\/ks-zdole.si\/wp-content\/plugins\/ultimate-responsive-image-slider\/assets\/img\/loading.gif\" data-src=\"https:\/\/ks-zdole.si\/wp-content\/uploads\/2023\/07\/kostanjek_3-199x300.jpg\" alt=\"kostanjek_3\"\/>\r\n\t\t\t\t\t\t\t\t\t\t\t<img decoding=\"async\" class=\"sp-thumbnail\" loading=\"lazy\" src=\"https:\/\/ks-zdole.si\/wp-content\/plugins\/ultimate-responsive-image-slider\/assets\/img\/loading.gif\" data-src=\"https:\/\/ks-zdole.si\/wp-content\/uploads\/2023\/07\/kostanjek_7-300x199.jpg\" alt=\"kostanjek_7\"\/>\r\n\t\t\t\t\t\t\t\t<\/div>\r\n\t\t\t\t\t\t<!-- slides thumbnails div end -->\r\n\t\t<\/div>\r\n\t\t<style>\r\n\/* Layout 3 *\/\r\n\/* border *\/\r\n#slider-pro-3-1908 .sp-selected-thumbnail {\r\n\tborder: 4px solid #000000;\r\n}\r\n\r\n\/* font + color *\/\r\n.title-in  {\r\n\tfont-family: Arial !important;\r\n\tcolor: #FFFFFF !important;\r\n\tbackground-color: #000000 !important;\r\n\topacity: 0.7 !important;\r\n}\r\n.desc-in  {\r\n\tfont-family: Arial !important;\r\n\tcolor: #FFFFFF !important;\r\n\tbackground-color: #00000 !important;\r\n\topacity: 0.7 !important;\r\n}\r\n\r\n\/* bullets color *\/\r\n.sp-button  {\r\n\tborder: 2px solid #000000 !important;\r\n}\r\n.sp-selected-button  {\r\n\tbackground-color: #000000 !important;\r\n}\r\n\r\n\/* pointer color - bottom *\/\r\n.sp-selected-thumbnail::before {\r\n\tborder-bottom: 5px solid #000000 !important;\r\n}\r\n.sp-selected-thumbnail::after {\r\n\tborder-bottom: 13px solid #000000 !important;\r\n}\r\n\r\n\/* pointer color - top *\/\r\n\r\n\/* full screen icon *\/\r\n.sp-full-screen-button::before {\r\n    color: #FFFFFF !important;\r\n}\r\n\r\n\/* hover navigation icon color *\/\r\n.sp-next-arrow::after, .sp-next-arrow::before {\r\n\tbackground-color: #FFFFFF !important;\r\n}\r\n.sp-previous-arrow::after, .sp-previous-arrow::before {\r\n\tbackground-color: #FFFFFF !important;\r\n}\r\n\r\n#slider-pro-3-1908 .title-in {\r\n\tcolor: #FFFFFF !important;\r\n\tfont-weight: bolder;\r\n\ttext-align: center;\r\n}\r\n\r\n#slider-pro-3-1908 .title-in-bg {\r\n\tbackground: rgba(255, 255, 255, 0.7); !important;\r\n\twhite-space: unset !important;\r\n\ttransform: initial !important;\r\n\t-webkit-transform: initial !important;\r\n\tfont-size: 14px !important;\r\n}\r\n\r\n#slider-pro-3-1908 .desc-in {\r\n\tcolor: #FFFFFF !important;\r\n\ttext-align: center;\r\n}\r\n#slider-pro-3-1908 .desc-in-bg {\r\n\tbackground: rgba(#00000, 0.7) !important;\r\n\twhite-space: unset !important;\r\n\ttransform: initial !important;\r\n\t-webkit-transform: initial !important;\r\n\tfont-size: 13px !important;\r\n}\r\n\r\n@media (max-width: 640px) {\r\n\t#slider-pro-3-1908 .hide-small-screen {\r\n\t\tdisplay: none;\r\n\t}\r\n}\r\n\r\n@media (max-width: 860px) {\r\n\t#slider-pro-3-1908 .sp-layer {\r\n\t\tfont-size: 18px;\r\n\t}\r\n\t\r\n\t#slider-pro-3-1908 .hide-medium-screen {\r\n\t\tdisplay: none;\r\n\t}\r\n}\r\n.slides-not-found {\r\n\tbackground-color: #a92929;\r\n\tborder-radius: 5px;\r\n\tcolor: #fff;\r\n\tfont-family: initial;\r\n\ttext-align: center;\r\n\tpadding:12px;\r\n}\r\n\/* Custom CSS *\/\r\n<\/style>\r\n\n\n\n\n<div style=\"height:40px\" aria-hidden=\"true\" class=\"wp-block-spacer\"><\/div>\n\n\n\n<blockquote class=\"wp-block-quote has-medium-font-size is-layout-flow wp-block-quote-is-layout-flow\">\n<p><\/p>\n<cite>Baro\u010dna cerkev sv. Vida je iz za\u010detka 18. stoletja, v osnovi morda \u0161e poznosrednjeve\u0161ka. Ima pravokotno ladjo, ki je bila leta 1853 podalj\u0161ana in preobokana. Oprema je iz 2. polovice 19. stoletja, poslikava ladje in prezbiterija pa iz za\u010detka 20. stoletja.<\/cite><\/blockquote>\n\n\n\n<div style=\"height:40px\" aria-hidden=\"true\" class=\"wp-block-spacer\"><\/div>\n\n\n\n<p><strong>CERKEV SV. VIDA V KOSTANJKU<\/strong> je podru\u017eni\u010dna cerkev, ki ne le\u017ei na vi\u0161inski to\u010dki, kot je to za cerkve zna\u010dilno. Od farne cerkve ni ni\u010d mlaj\u0161a, lahko bi bila celo starej\u0161a, vsaj jedro cerkve spominja celo na srednjeve\u0161ko zasnovo. Med leti 1853 in 1908 je bila predelana in pove\u010dana. Obok cerkve je spojen iz treh delov, dveh iz kamenja in enega ope\u010dnatega. Ladja ima zelo dobro akusti\u010dnost. Glavni oltar je iz leta 1878, poslikave so iz leta 1899. Domneva se, da so na poslikavah upodobljeni doma\u010dini. Zadnja prenova cerkve je bila leta 1998.<\/p>\n\n\n\n<div style=\"height:40px\" aria-hidden=\"true\" class=\"wp-block-spacer\"><\/div>\n\n\n<p><div class=\"leaflet-map WPLeafletMap\" style=\"height:600px; width:100%;\"><\/div><script>\nwindow.WPLeafletMapPlugin = window.WPLeafletMapPlugin || [];\nwindow.WPLeafletMapPlugin.push(function WPLeafletMapShortcode() {\/*<script>*\/\nvar baseUrl = atob('aHR0cHM6Ly97c30udGlsZS5vcGVuc3RyZWV0bWFwLm9yZy97en0ve3h9L3t5fS5wbmc=');\nvar base = (!baseUrl && window.MQ) ?\n    window.MQ.mapLayer() : L.tileLayer(baseUrl,\n        L.Util.extend({}, {\n            detectRetina: 1,\n        },\n        {\"subdomains\":\"abc\",\"noWrap\":false,\"maxZoom\":18}        )\n    );\n    var options = L.Util.extend({}, {\n        layers: [base],\n        attributionControl: false\n    },\n    {\"zoomControl\":true,\"scrollWheelZoom\":false,\"doubleClickZoom\":true,\"fitBounds\":false,\"minZoom\":3,\"maxZoom\":18,\"maxBounds\":null,\"attribution\":\"<a href=\\\"http:\\\/\\\/leafletjs.com\\\" title=\\\"A JS library for interactive maps\\\">Leaflet<\\\/a>; \\u00a9 <a href=\\\"http:\\\/\\\/www.openstreetmap.org\\\/copyright\\\">OpenStreetMap<\\\/a> contributors\"},\n    {});\nwindow.WPLeafletMapPlugin.createMap(options).setView([46.010644112336,15.546255111694],16);window.WPLeafletMapPlugin.createScale({});});<\/script>\n<script>\nwindow.WPLeafletMapPlugin = window.WPLeafletMapPlugin || [];\nwindow.WPLeafletMapPlugin.push(function WPLeafletMarkerShortcode() {\/*<script>*\/\nvar map = window.WPLeafletMapPlugin.getCurrentMap();\nvar group = window.WPLeafletMapPlugin.getCurrentGroup();\nvar marker_options = window.WPLeafletMapPlugin.getIconOptions({});\nvar marker = L.marker(\n    [46.010703769014,15.546083450317],\n    marker_options\n);\nvar is_image = map.is_image_map;\nif (marker_options.draggable) {\n    marker.on('dragend', function () {\n        var latlng = this.getLatLng();\n        var lat = latlng.lat;\n        var lng = latlng.lng;\n        if (is_image) {\n            console.log('leaflet-marker y=' + lat + ' x=' + lng);\n        } else {\n            console.log('leaflet-marker lat=' + lat + ' lng=' + lng);\n        }\n    });\n}\nmarker.addTo( group );\nmarker.bindPopup(window.WPLeafletMapPlugin.unescape('&lt;br \/&gt;&lt;br&gt;&lt;script&gt;&lt;br&gt;window.WPLeafletMapPlugin = window.WPLeafletMapPlugin || [];&lt;br&gt;window.WPLeafletMapPlugin.push(function WPLeafletMarkerShortcode() {\/*&lt;script&gt;*\/&lt;br&gt;var map = window.WPLeafletMapPlugin.getCurrentMap();&lt;br&gt;var group = window.WPLeafletMapPlugin.getCurrentGroup();&lt;br&gt;var marker_options = window.WPLeafletMapPlugin.getIconOptions({});&lt;br&gt;var marker = L.marker(&lt;br&gt;    [0,0],&lt;br&gt;    marker_options&lt;br&gt;);&lt;br&gt;var is_image = map.is_image_map;&lt;br&gt;    marker.setLatLng( map.getCenter() );&lt;br&gt;if (marker_options.draggable) {&lt;br&gt;    marker.on(\\&#039;dragend\\&#039;, function () {&lt;br&gt;        var latlng = this.getLatLng();&lt;br&gt;        var lat = latlng.lat;&lt;br&gt;        var lng = latlng.lng;&lt;br&gt;        if (is_image) {&lt;br&gt;            console.log(\\&#039;leaflet-marker y=\\&#039; + lat + \\&#039; x=\\&#039; + lng);&lt;br&gt;        } else {&lt;br&gt;            console.log(\\&#039;leaflet-marker lat=\\&#039; + lat + \\&#039; lng=\\&#039; + lng);&lt;br&gt;        }&lt;br&gt;    });&lt;br&gt;}&lt;br&gt;marker.addTo( group );&lt;br&gt;window.WPLeafletMapPlugin.markers.push( marker );&lt;br&gt;        });&lt;\/script&gt;Cerkev sv. Vida &lt;a href=\\&quot;https:\/\/www.google.com\/maps\/@46.0102586,15.5465606,3a,75y,327.34h,100.76t\/data=!3m7!1e1!3m5!1sv19PAwLHq4DJemvMgjIIuw!2e0!6shttps:%2F%2Fstreetviewpixels-pa.googleapis.com%2Fv1%2Fthumbnail%3Fpanoid%3Dv19PAwLHq4DJemvMgjIIuw%26cb_client%3Dmaps_sv.tactile.gps%26w%3D203%26h%3D100%26yaw%3D245.37752%26pitch%3D0%26thumbfov%3D100!7i13312!8i6656?entry=ttu\\&quot; target=\\&quot;_blank\\&quot; rel=\\&quot;noopener\\&quot;&gt;Google Maps&lt;\/a&gt;&lt;br \/&gt;&lt;br&gt;'));window.WPLeafletMapPlugin.markers.push( marker );\n        });<\/script><\/p>\n\n\n\n<div style=\"height:37px\" aria-hidden=\"true\" class=\"wp-block-spacer\"><\/div>\n\n\n\n<p><strong>Kraj: <\/strong>Kostanjek<br><strong>\u0160kofija: <\/strong>Celje<br><strong>\u017dupnija: <\/strong>Zdole<br><strong>Ob\u010dina: <\/strong>Kr\u0161ko<br><strong>Nadmorska vi\u0161ina: <\/strong>377,8 m<br><strong>Koordinate: <\/strong>lon = 15\u00b0 32&#8242; 46.5&#8221; E lat = 46\u00b0 0&#8242; 38.5&#8221; N<\/p>\n\n\n\n<div style=\"height:37px\" aria-hidden=\"true\" class=\"wp-block-spacer\"><\/div>\n\n\n\n<figure class=\"wp-block-table\"><table><tbody><tr><td>Eviden\u010dna \u0161tevilka enote: <strong>3529<\/strong> Ime enote: <strong>Kostanjek &#8211; Cerkev sv. Vida<\/strong> &nbsp; &nbsp; <strong>OPIS ENOTE DEDI\u0160\u010cINE<\/strong> Zvrst dedi\u0161\u010dine: <strong>stavbe<\/strong> Tip enote: <strong>sakralna stavbna dedi\u0161\u010dina<\/strong> Obseg enote: <strong>objekt<\/strong> Tipolo\u0161ka gesla enote: <strong>podru\u017eni\u010dna cerkev, sv. Vid<\/strong> Tekstualni opis enote: <strong>Baro\u010dna cerkev z za\u010detka 18. stol. (v osnovi morda \u0161e poznosrednjeve\u0161ka) s pravokotno, l. 1853 podalj\u0161ano in preobokano ladjo. Oprema je iz 2. polovice 19. stol., poslikava ladje in prezbiterija pa z za\u010detka 20. stol.<\/strong> Datacija enote:&nbsp; <strong>pozni srednji vek, prva \u010detrtina 18. stol., 1710, tretja \u010detrtina 19. stol., 1853<\/strong> Avtor(ji):&nbsp;  Varstvene usmeritve: &nbsp; <strong>stavbe<\/strong> &nbsp; <strong>LOKACIJA ENOTE DEDI\u0160\u010cINE<\/strong> Naselje: <strong>KOSTANJEK<\/strong> Ob\u010dina: <strong>KR\u0160KO<\/strong> Lokacija: <strong>Cerkev stoji na pobo\u010dju Gore, vzhodno od naselja.<\/strong> &nbsp; <strong>PRISTOJNOSTI<\/strong> Obmo\u010dna enota: <strong>ZVKD Ljubljana<\/strong> &nbsp; <strong>RAZGLASITEV<\/strong> Vrsta spomenika <strong>spomenik lokalnega pomena<\/strong> Akt razglasitve: <strong>Odlok o razglasitvi cerkve sv. Vida v Kostanjku za kulturni spomenik lokalnega pomena, Ur.l. RS, \u0161t. 76\/2007-4050<\/strong> Vrsta razglasitve: <strong>stalna razglasitev do preklica<\/strong> Veljavnost razglasitve: <strong>8\/25\/2007 &#8211;<\/strong><\/td><\/tr><\/tbody><\/table><\/figure>\n\n\n\n<div style=\"height:34px\" aria-hidden=\"true\" class=\"wp-block-spacer\"><\/div>\n","protected":false},"excerpt":{"rendered":"<p>Baro\u010dna cerkev sv. Vida je iz za\u010detka 18. stoletja, v osnovi morda \u0161e poznosrednjeve\u0161ka. Ima pravokotno ladjo, ki je bila leta 1853 podalj\u0161ana in preobokana. Oprema je iz 2. polovice 19. stoletja, poslikava ladje in prezbiterija pa iz za\u010detka 20. stoletja. CERKEV SV. VIDA V KOSTANJKU je podru\u017eni\u010dna cerkev, ki ne le\u017ei na vi\u0161inski to\u010dki, [&hellip;]<\/p>\n","protected":false},"author":1,"featured_media":0,"parent":0,"menu_order":0,"comment_status":"closed","ping_status":"closed","template":"","meta":{"_mc_calendar":[],"footnotes":""},"class_list":["post-518","page","type-page","status-publish","hentry"],"yoast_head":"<!-- This site is optimized with the Yoast SEO plugin v27.4 - https:\/\/yoast.com\/product\/yoast-seo-wordpress\/ -->\n<title>CERKEV SV. VIDA V KOSTANJKU - KS - ZDOLE<\/title>\n<meta name=\"robots\" content=\"index, follow, max-snippet:-1, max-image-preview:large, max-video-preview:-1\" \/>\n<link rel=\"canonical\" href=\"https:\/\/ks-zdole.si\/index.php\/cerkev-sv-vida-v-kostanjku\/\" \/>\n<meta property=\"og:locale\" content=\"sl_SI\" \/>\n<meta property=\"og:type\" content=\"article\" \/>\n<meta property=\"og:title\" content=\"CERKEV SV. VIDA V KOSTANJKU - KS - ZDOLE\" \/>\n<meta property=\"og:description\" content=\"Baro\u010dna cerkev sv. Vida je iz za\u010detka 18. stoletja, v osnovi morda \u0161e poznosrednjeve\u0161ka. Ima pravokotno ladjo, ki je bila leta 1853 podalj\u0161ana in preobokana. Oprema je iz 2. polovice 19. stoletja, poslikava ladje in prezbiterija pa iz za\u010detka 20. stoletja. CERKEV SV. VIDA V KOSTANJKU je podru\u017eni\u010dna cerkev, ki ne le\u017ei na vi\u0161inski to\u010dki, [&hellip;]\" \/>\n<meta property=\"og:url\" content=\"https:\/\/ks-zdole.si\/index.php\/cerkev-sv-vida-v-kostanjku\/\" \/>\n<meta property=\"og:site_name\" content=\"KS - ZDOLE\" \/>\n<meta property=\"article:modified_time\" content=\"2023-11-09T12:46:26+00:00\" \/>\n<meta name=\"twitter:card\" content=\"summary_large_image\" \/>\n<meta name=\"twitter:label1\" content=\"Est. reading time\" \/>\n\t<meta name=\"twitter:data1\" content=\"2 minuti\" \/>\n<script type=\"application\/ld+json\" class=\"yoast-schema-graph\">{\"@context\":\"https:\\\/\\\/schema.org\",\"@graph\":[{\"@type\":\"WebPage\",\"@id\":\"https:\\\/\\\/ks-zdole.si\\\/index.php\\\/cerkev-sv-vida-v-kostanjku\\\/\",\"url\":\"https:\\\/\\\/ks-zdole.si\\\/index.php\\\/cerkev-sv-vida-v-kostanjku\\\/\",\"name\":\"CERKEV SV. VIDA V KOSTANJKU - KS - ZDOLE\",\"isPartOf\":{\"@id\":\"https:\\\/\\\/ks-zdole.si\\\/#website\"},\"datePublished\":\"2023-07-03T13:59:03+00:00\",\"dateModified\":\"2023-11-09T12:46:26+00:00\",\"breadcrumb\":{\"@id\":\"https:\\\/\\\/ks-zdole.si\\\/index.php\\\/cerkev-sv-vida-v-kostanjku\\\/#breadcrumb\"},\"inLanguage\":\"sl-SI\",\"potentialAction\":[{\"@type\":\"ReadAction\",\"target\":[\"https:\\\/\\\/ks-zdole.si\\\/index.php\\\/cerkev-sv-vida-v-kostanjku\\\/\"]}]},{\"@type\":\"BreadcrumbList\",\"@id\":\"https:\\\/\\\/ks-zdole.si\\\/index.php\\\/cerkev-sv-vida-v-kostanjku\\\/#breadcrumb\",\"itemListElement\":[{\"@type\":\"ListItem\",\"position\":1,\"name\":\"Home\",\"item\":\"https:\\\/\\\/ks-zdole.si\\\/\"},{\"@type\":\"ListItem\",\"position\":2,\"name\":\"CERKEV SV. VIDA V KOSTANJKU\"}]},{\"@type\":\"WebSite\",\"@id\":\"https:\\\/\\\/ks-zdole.si\\\/#website\",\"url\":\"https:\\\/\\\/ks-zdole.si\\\/\",\"name\":\"KS - ZDOLE\",\"description\":\"Zdole, lu\u010d sveta!\",\"publisher\":{\"@id\":\"https:\\\/\\\/ks-zdole.si\\\/#organization\"},\"potentialAction\":[{\"@type\":\"SearchAction\",\"target\":{\"@type\":\"EntryPoint\",\"urlTemplate\":\"https:\\\/\\\/ks-zdole.si\\\/?s={search_term_string}\"},\"query-input\":{\"@type\":\"PropertyValueSpecification\",\"valueRequired\":true,\"valueName\":\"search_term_string\"}}],\"inLanguage\":\"sl-SI\"},{\"@type\":\"Organization\",\"@id\":\"https:\\\/\\\/ks-zdole.si\\\/#organization\",\"name\":\"KS - ZDOLE\",\"url\":\"https:\\\/\\\/ks-zdole.si\\\/\",\"logo\":{\"@type\":\"ImageObject\",\"inLanguage\":\"sl-SI\",\"@id\":\"https:\\\/\\\/ks-zdole.si\\\/#\\\/schema\\\/logo\\\/image\\\/\",\"url\":\"https:\\\/\\\/ks-zdole.si\\\/wp-content\\\/uploads\\\/2024\\\/04\\\/grb_zdole_150.png\",\"contentUrl\":\"https:\\\/\\\/ks-zdole.si\\\/wp-content\\\/uploads\\\/2024\\\/04\\\/grb_zdole_150.png\",\"width\":150,\"height\":184,\"caption\":\"KS - ZDOLE\"},\"image\":{\"@id\":\"https:\\\/\\\/ks-zdole.si\\\/#\\\/schema\\\/logo\\\/image\\\/\"}}]}<\/script>\n<!-- \/ Yoast SEO plugin. -->","yoast_head_json":{"title":"CERKEV SV. VIDA V KOSTANJKU - KS - ZDOLE","robots":{"index":"index","follow":"follow","max-snippet":"max-snippet:-1","max-image-preview":"max-image-preview:large","max-video-preview":"max-video-preview:-1"},"canonical":"https:\/\/ks-zdole.si\/index.php\/cerkev-sv-vida-v-kostanjku\/","og_locale":"sl_SI","og_type":"article","og_title":"CERKEV SV. VIDA V KOSTANJKU - KS - ZDOLE","og_description":"Baro\u010dna cerkev sv. Vida je iz za\u010detka 18. stoletja, v osnovi morda \u0161e poznosrednjeve\u0161ka. Ima pravokotno ladjo, ki je bila leta 1853 podalj\u0161ana in preobokana. Oprema je iz 2. polovice 19. stoletja, poslikava ladje in prezbiterija pa iz za\u010detka 20. stoletja. CERKEV SV. VIDA V KOSTANJKU je podru\u017eni\u010dna cerkev, ki ne le\u017ei na vi\u0161inski to\u010dki, [&hellip;]","og_url":"https:\/\/ks-zdole.si\/index.php\/cerkev-sv-vida-v-kostanjku\/","og_site_name":"KS - ZDOLE","article_modified_time":"2023-11-09T12:46:26+00:00","twitter_card":"summary_large_image","twitter_misc":{"Est. reading time":"2 minuti"},"schema":{"@context":"https:\/\/schema.org","@graph":[{"@type":"WebPage","@id":"https:\/\/ks-zdole.si\/index.php\/cerkev-sv-vida-v-kostanjku\/","url":"https:\/\/ks-zdole.si\/index.php\/cerkev-sv-vida-v-kostanjku\/","name":"CERKEV SV. VIDA V KOSTANJKU - KS - ZDOLE","isPartOf":{"@id":"https:\/\/ks-zdole.si\/#website"},"datePublished":"2023-07-03T13:59:03+00:00","dateModified":"2023-11-09T12:46:26+00:00","breadcrumb":{"@id":"https:\/\/ks-zdole.si\/index.php\/cerkev-sv-vida-v-kostanjku\/#breadcrumb"},"inLanguage":"sl-SI","potentialAction":[{"@type":"ReadAction","target":["https:\/\/ks-zdole.si\/index.php\/cerkev-sv-vida-v-kostanjku\/"]}]},{"@type":"BreadcrumbList","@id":"https:\/\/ks-zdole.si\/index.php\/cerkev-sv-vida-v-kostanjku\/#breadcrumb","itemListElement":[{"@type":"ListItem","position":1,"name":"Home","item":"https:\/\/ks-zdole.si\/"},{"@type":"ListItem","position":2,"name":"CERKEV SV. VIDA V KOSTANJKU"}]},{"@type":"WebSite","@id":"https:\/\/ks-zdole.si\/#website","url":"https:\/\/ks-zdole.si\/","name":"KS - ZDOLE","description":"Zdole, lu\u010d sveta!","publisher":{"@id":"https:\/\/ks-zdole.si\/#organization"},"potentialAction":[{"@type":"SearchAction","target":{"@type":"EntryPoint","urlTemplate":"https:\/\/ks-zdole.si\/?s={search_term_string}"},"query-input":{"@type":"PropertyValueSpecification","valueRequired":true,"valueName":"search_term_string"}}],"inLanguage":"sl-SI"},{"@type":"Organization","@id":"https:\/\/ks-zdole.si\/#organization","name":"KS - ZDOLE","url":"https:\/\/ks-zdole.si\/","logo":{"@type":"ImageObject","inLanguage":"sl-SI","@id":"https:\/\/ks-zdole.si\/#\/schema\/logo\/image\/","url":"https:\/\/ks-zdole.si\/wp-content\/uploads\/2024\/04\/grb_zdole_150.png","contentUrl":"https:\/\/ks-zdole.si\/wp-content\/uploads\/2024\/04\/grb_zdole_150.png","width":150,"height":184,"caption":"KS - ZDOLE"},"image":{"@id":"https:\/\/ks-zdole.si\/#\/schema\/logo\/image\/"}}]}},"_links":{"self":[{"href":"https:\/\/ks-zdole.si\/index.php\/wp-json\/wp\/v2\/pages\/518","targetHints":{"allow":["GET"]}}],"collection":[{"href":"https:\/\/ks-zdole.si\/index.php\/wp-json\/wp\/v2\/pages"}],"about":[{"href":"https:\/\/ks-zdole.si\/index.php\/wp-json\/wp\/v2\/types\/page"}],"author":[{"embeddable":true,"href":"https:\/\/ks-zdole.si\/index.php\/wp-json\/wp\/v2\/users\/1"}],"replies":[{"embeddable":true,"href":"https:\/\/ks-zdole.si\/index.php\/wp-json\/wp\/v2\/comments?post=518"}],"version-history":[{"count":39,"href":"https:\/\/ks-zdole.si\/index.php\/wp-json\/wp\/v2\/pages\/518\/revisions"}],"predecessor-version":[{"id":3030,"href":"https:\/\/ks-zdole.si\/index.php\/wp-json\/wp\/v2\/pages\/518\/revisions\/3030"}],"wp:attachment":[{"href":"https:\/\/ks-zdole.si\/index.php\/wp-json\/wp\/v2\/media?parent=518"}],"curies":[{"name":"wp","href":"https:\/\/api.w.org\/{rel}","templated":true}]}}