
{"id":3336,"date":"2023-11-12T20:03:39","date_gmt":"2023-11-12T19:03:39","guid":{"rendered":"https:\/\/ks-zdole.si\/?page_id=3336"},"modified":"2023-11-12T20:04:33","modified_gmt":"2023-11-12T19:04:33","slug":"bizeljsko-pusti-vrh-grad-podsreda","status":"publish","type":"page","link":"https:\/\/ks-zdole.si\/index.php\/bizeljsko-pusti-vrh-grad-podsreda\/","title":{"rendered":"BIZELJSKO &#8211; PUSTI VRH &#8211; GRAD PODSREDA"},"content":{"rendered":"\n<h3 class=\"wp-block-heading\">Zemljevid<\/h3>\n\n\n<p><div class=\"leaflet-map WPLeafletMap\" style=\"height:600px; width:100%;\"><\/div><script>\nwindow.WPLeafletMapPlugin = window.WPLeafletMapPlugin || [];\nwindow.WPLeafletMapPlugin.push(function WPLeafletMapShortcode() {\/*<script>*\/\nvar baseUrl = atob('aHR0cHM6Ly97c30udGlsZS5vcGVuc3RyZWV0bWFwLm9yZy97en0ve3h9L3t5fS5wbmc=');\nvar base = (!baseUrl && window.MQ) ?\n    window.MQ.mapLayer() : L.tileLayer(baseUrl,\n        L.Util.extend({}, {\n            detectRetina: 1,\n        },\n        {\"subdomains\":\"abc\",\"noWrap\":false,\"maxZoom\":18}        )\n    );\n    var options = L.Util.extend({}, {\n        layers: [base],\n        attributionControl: false\n    },\n    {\"zoomControl\":true,\"scrollWheelZoom\":false,\"doubleClickZoom\":true,\"fitBounds\":true,\"minZoom\":3,\"maxZoom\":18,\"maxBounds\":null,\"attribution\":\"<a href=\\\"http:\\\/\\\/leafletjs.com\\\" title=\\\"A JS library for interactive maps\\\">Leaflet<\\\/a>; \\u00a9 <a href=\\\"http:\\\/\\\/www.openstreetmap.org\\\/copyright\\\">OpenStreetMap<\\\/a> contributors\"},\n    {});\nwindow.WPLeafletMapPlugin.createMap(options).setView([45.975760415611,15.542542934418],9);window.WPLeafletMapPlugin.createScale({});});<\/script>\n[elevation gpx=https:\/\/ks-zdole.si\/wp-content\/uploads\/2023\/07\/Bizeljsko - Pusti vrh - grad Podsreda.gpx ]<\/p>\n\n\n\n<p><a href=\"https:\/\/ks-zdole.si\/wp-content\/uploads\/2023\/07\/Bizeljsko - Pusti vrh - grad Podsreda.gpx\">GPX podatki o poti<\/a><\/p>\n\n\n\n<div style=\"height:40px\" aria-hidden=\"true\" class=\"wp-block-spacer\"><\/div>\n\n\n\n<h3 class=\"wp-block-heading\">Pohodni\u0161ke poti<\/h3>\n\n\n\n<table id=\"tablepress-11\" class=\"tablepress tablepress-id-11\">\n<thead>\n<tr class=\"row-1\">\n\t<th class=\"column-1\">NAZIV<\/th><th class=\"column-2\">DOL\u017dINA<\/th><th class=\"column-3\">\u010cASOVNICA<\/th>\n<\/tr>\n<\/thead>\n<tbody class=\"row-striping row-hover\">\n<tr class=\"row-2\">\n\t<td class=\"column-1\"><a href=\"https:\/\/ks-zdole.si\/index.php\/cebelarska-pohodna-pot\/\">\u010cEBELARSKA POHODNA POT<\/a><\/td><td class=\"column-2\">4,5 km<\/td><td class=\"column-3\">2 h<\/td>\n<\/tr>\n<tr class=\"row-3\">\n\t<td class=\"column-1\"><a href=\"https:\/\/ks-zdole.si\/index.php\/e7-naprudnikova-pot\/\">E7 - NAPRUDNIKOVA POT<\/a><\/td><td class=\"column-2\">630 km<\/td><td class=\"column-3\">20 h 55 min<\/td>\n<\/tr>\n<tr class=\"row-4\">\n\t<td class=\"column-1\"><a href=\"https:\/\/ks-zdole.si\/index.php\/bizeljsko-pusti-vrh-grad-podsreda\/\">BIZELJSKO - PUSTI VRH - GRAD PODSREDA<\/a><\/td><td class=\"column-2\">11,3 km<\/td><td class=\"column-3\">3 h 45 min<\/td>\n<\/tr>\n<tr class=\"row-5\">\n\t<td class=\"column-1\"><a href=\"https:\/\/ks-zdole.si\/index.php\/po-poteh-kozjanskih-borcev\/\">PO POTEH KOZJANSKIH BORCEV<\/a><\/td><td class=\"column-2\">30 km<\/td><td class=\"column-3\">10 h 20 min<\/td>\n<\/tr>\n<tr class=\"row-6\">\n\t<td class=\"column-1\"><a href=\"https:\/\/ks-zdole.si\/index.php\/zavetisce-v-pecicah-grad-podsreda-sv-gore\/\">ZAVETI\u0160\u010cE V PE\u010cICAH - GRAD PODSREDA - SV. GORE<\/a><\/td><td class=\"column-2\">12,4 km<\/td><td class=\"column-3\">3 h 50 min<\/td>\n<\/tr>\n<tr class=\"row-7\">\n\t<td class=\"column-1\"><a href=\"https:\/\/ks-zdole.si\/index.php\/krsko-zavetisce-v-pecicah\/\">KR\u0160KO - ZAVETI\u0160\u010cE V PE\u010cICAH<\/a><\/td><td class=\"column-2\">20,6 km<\/td><td class=\"column-3\">6h 5 min<\/td>\n<\/tr>\n<tr class=\"row-8\">\n\t<td class=\"column-1\"><a href=\"https:\/\/ks-zdole.si\/index.php\/vidova-pohodna-pot\/\">POT NA GRMADO \u010cEZ LIBNO<\/a><\/td><td class=\"column-2\">12,9 km<\/td><td class=\"column-3\">4 h 15 min<\/td>\n<\/tr>\n<tr class=\"row-9\">\n\t<td class=\"column-1\"><a href=\"https:\/\/ks-zdole.si\/index.php\/vidova-pohodna-pot\/\">KR\u0160KO - BRESTANICA<\/a><\/td><td class=\"column-2\">9,7 km<\/td><td class=\"column-3\">3 h 20 min<\/td>\n<\/tr>\n<tr class=\"row-10\">\n\t<td class=\"column-1\"><\/td><td class=\"column-2\"><\/td><td class=\"column-3\"><\/td>\n<\/tr>\n<tr class=\"row-11\">\n\t<td class=\"column-1\"><\/td><td class=\"column-2\"><\/td><td class=\"column-3\"><\/td>\n<\/tr>\n<\/tbody>\n<\/table>\n<!-- #tablepress-11 from cache -->\n","protected":false},"excerpt":{"rendered":"<p>Zemljevid GPX podatki o poti Pohodni\u0161ke poti<\/p>\n","protected":false},"author":1,"featured_media":0,"parent":0,"menu_order":0,"comment_status":"closed","ping_status":"closed","template":"","meta":{"_mc_calendar":[],"footnotes":""},"class_list":["post-3336","page","type-page","status-publish","hentry"],"yoast_head":"<!-- This site is optimized with the Yoast SEO plugin v27.5 - https:\/\/yoast.com\/product\/yoast-seo-wordpress\/ -->\n<title>BIZELJSKO - PUSTI VRH - GRAD PODSREDA - KS - ZDOLE<\/title>\n<meta name=\"robots\" content=\"index, follow, max-snippet:-1, max-image-preview:large, max-video-preview:-1\" \/>\n<link rel=\"canonical\" href=\"https:\/\/ks-zdole.si\/index.php\/bizeljsko-pusti-vrh-grad-podsreda\/\" \/>\n<meta property=\"og:locale\" content=\"sl_SI\" \/>\n<meta property=\"og:type\" content=\"article\" \/>\n<meta property=\"og:title\" content=\"BIZELJSKO - PUSTI VRH - GRAD PODSREDA - KS - ZDOLE\" \/>\n<meta property=\"og:description\" content=\"Zemljevid GPX podatki o poti Pohodni\u0161ke poti\" \/>\n<meta property=\"og:url\" content=\"https:\/\/ks-zdole.si\/index.php\/bizeljsko-pusti-vrh-grad-podsreda\/\" \/>\n<meta property=\"og:site_name\" content=\"KS - ZDOLE\" \/>\n<meta property=\"article:modified_time\" content=\"2023-11-12T19:04:33+00:00\" \/>\n<meta name=\"twitter:card\" content=\"summary_large_image\" \/>\n<script type=\"application\/ld+json\" class=\"yoast-schema-graph\">{\"@context\":\"https:\\\/\\\/schema.org\",\"@graph\":[{\"@type\":\"WebPage\",\"@id\":\"https:\\\/\\\/ks-zdole.si\\\/index.php\\\/bizeljsko-pusti-vrh-grad-podsreda\\\/\",\"url\":\"https:\\\/\\\/ks-zdole.si\\\/index.php\\\/bizeljsko-pusti-vrh-grad-podsreda\\\/\",\"name\":\"BIZELJSKO - PUSTI VRH - GRAD PODSREDA - KS - ZDOLE\",\"isPartOf\":{\"@id\":\"https:\\\/\\\/ks-zdole.si\\\/#website\"},\"datePublished\":\"2023-11-12T19:03:39+00:00\",\"dateModified\":\"2023-11-12T19:04:33+00:00\",\"breadcrumb\":{\"@id\":\"https:\\\/\\\/ks-zdole.si\\\/index.php\\\/bizeljsko-pusti-vrh-grad-podsreda\\\/#breadcrumb\"},\"inLanguage\":\"sl-SI\",\"potentialAction\":[{\"@type\":\"ReadAction\",\"target\":[\"https:\\\/\\\/ks-zdole.si\\\/index.php\\\/bizeljsko-pusti-vrh-grad-podsreda\\\/\"]}]},{\"@type\":\"BreadcrumbList\",\"@id\":\"https:\\\/\\\/ks-zdole.si\\\/index.php\\\/bizeljsko-pusti-vrh-grad-podsreda\\\/#breadcrumb\",\"itemListElement\":[{\"@type\":\"ListItem\",\"position\":1,\"name\":\"Home\",\"item\":\"https:\\\/\\\/ks-zdole.si\\\/\"},{\"@type\":\"ListItem\",\"position\":2,\"name\":\"BIZELJSKO &#8211; PUSTI VRH &#8211; GRAD PODSREDA\"}]},{\"@type\":\"WebSite\",\"@id\":\"https:\\\/\\\/ks-zdole.si\\\/#website\",\"url\":\"https:\\\/\\\/ks-zdole.si\\\/\",\"name\":\"KS - ZDOLE\",\"description\":\"Zdole, lu\u010d sveta!\",\"publisher\":{\"@id\":\"https:\\\/\\\/ks-zdole.si\\\/#organization\"},\"potentialAction\":[{\"@type\":\"SearchAction\",\"target\":{\"@type\":\"EntryPoint\",\"urlTemplate\":\"https:\\\/\\\/ks-zdole.si\\\/?s={search_term_string}\"},\"query-input\":{\"@type\":\"PropertyValueSpecification\",\"valueRequired\":true,\"valueName\":\"search_term_string\"}}],\"inLanguage\":\"sl-SI\"},{\"@type\":\"Organization\",\"@id\":\"https:\\\/\\\/ks-zdole.si\\\/#organization\",\"name\":\"KS - ZDOLE\",\"url\":\"https:\\\/\\\/ks-zdole.si\\\/\",\"logo\":{\"@type\":\"ImageObject\",\"inLanguage\":\"sl-SI\",\"@id\":\"https:\\\/\\\/ks-zdole.si\\\/#\\\/schema\\\/logo\\\/image\\\/\",\"url\":\"https:\\\/\\\/ks-zdole.si\\\/wp-content\\\/uploads\\\/2024\\\/04\\\/grb_zdole_150.png\",\"contentUrl\":\"https:\\\/\\\/ks-zdole.si\\\/wp-content\\\/uploads\\\/2024\\\/04\\\/grb_zdole_150.png\",\"width\":150,\"height\":184,\"caption\":\"KS - ZDOLE\"},\"image\":{\"@id\":\"https:\\\/\\\/ks-zdole.si\\\/#\\\/schema\\\/logo\\\/image\\\/\"}}]}<\/script>\n<!-- \/ Yoast SEO plugin. -->","yoast_head_json":{"title":"BIZELJSKO - PUSTI VRH - GRAD PODSREDA - KS - ZDOLE","robots":{"index":"index","follow":"follow","max-snippet":"max-snippet:-1","max-image-preview":"max-image-preview:large","max-video-preview":"max-video-preview:-1"},"canonical":"https:\/\/ks-zdole.si\/index.php\/bizeljsko-pusti-vrh-grad-podsreda\/","og_locale":"sl_SI","og_type":"article","og_title":"BIZELJSKO - PUSTI VRH - GRAD PODSREDA - KS - ZDOLE","og_description":"Zemljevid GPX podatki o poti Pohodni\u0161ke poti","og_url":"https:\/\/ks-zdole.si\/index.php\/bizeljsko-pusti-vrh-grad-podsreda\/","og_site_name":"KS - ZDOLE","article_modified_time":"2023-11-12T19:04:33+00:00","twitter_card":"summary_large_image","schema":{"@context":"https:\/\/schema.org","@graph":[{"@type":"WebPage","@id":"https:\/\/ks-zdole.si\/index.php\/bizeljsko-pusti-vrh-grad-podsreda\/","url":"https:\/\/ks-zdole.si\/index.php\/bizeljsko-pusti-vrh-grad-podsreda\/","name":"BIZELJSKO - PUSTI VRH - GRAD PODSREDA - KS - ZDOLE","isPartOf":{"@id":"https:\/\/ks-zdole.si\/#website"},"datePublished":"2023-11-12T19:03:39+00:00","dateModified":"2023-11-12T19:04:33+00:00","breadcrumb":{"@id":"https:\/\/ks-zdole.si\/index.php\/bizeljsko-pusti-vrh-grad-podsreda\/#breadcrumb"},"inLanguage":"sl-SI","potentialAction":[{"@type":"ReadAction","target":["https:\/\/ks-zdole.si\/index.php\/bizeljsko-pusti-vrh-grad-podsreda\/"]}]},{"@type":"BreadcrumbList","@id":"https:\/\/ks-zdole.si\/index.php\/bizeljsko-pusti-vrh-grad-podsreda\/#breadcrumb","itemListElement":[{"@type":"ListItem","position":1,"name":"Home","item":"https:\/\/ks-zdole.si\/"},{"@type":"ListItem","position":2,"name":"BIZELJSKO &#8211; PUSTI VRH &#8211; GRAD PODSREDA"}]},{"@type":"WebSite","@id":"https:\/\/ks-zdole.si\/#website","url":"https:\/\/ks-zdole.si\/","name":"KS - ZDOLE","description":"Zdole, lu\u010d sveta!","publisher":{"@id":"https:\/\/ks-zdole.si\/#organization"},"potentialAction":[{"@type":"SearchAction","target":{"@type":"EntryPoint","urlTemplate":"https:\/\/ks-zdole.si\/?s={search_term_string}"},"query-input":{"@type":"PropertyValueSpecification","valueRequired":true,"valueName":"search_term_string"}}],"inLanguage":"sl-SI"},{"@type":"Organization","@id":"https:\/\/ks-zdole.si\/#organization","name":"KS - ZDOLE","url":"https:\/\/ks-zdole.si\/","logo":{"@type":"ImageObject","inLanguage":"sl-SI","@id":"https:\/\/ks-zdole.si\/#\/schema\/logo\/image\/","url":"https:\/\/ks-zdole.si\/wp-content\/uploads\/2024\/04\/grb_zdole_150.png","contentUrl":"https:\/\/ks-zdole.si\/wp-content\/uploads\/2024\/04\/grb_zdole_150.png","width":150,"height":184,"caption":"KS - ZDOLE"},"image":{"@id":"https:\/\/ks-zdole.si\/#\/schema\/logo\/image\/"}}]}},"_links":{"self":[{"href":"https:\/\/ks-zdole.si\/index.php\/wp-json\/wp\/v2\/pages\/3336","targetHints":{"allow":["GET"]}}],"collection":[{"href":"https:\/\/ks-zdole.si\/index.php\/wp-json\/wp\/v2\/pages"}],"about":[{"href":"https:\/\/ks-zdole.si\/index.php\/wp-json\/wp\/v2\/types\/page"}],"author":[{"embeddable":true,"href":"https:\/\/ks-zdole.si\/index.php\/wp-json\/wp\/v2\/users\/1"}],"replies":[{"embeddable":true,"href":"https:\/\/ks-zdole.si\/index.php\/wp-json\/wp\/v2\/comments?post=3336"}],"version-history":[{"count":2,"href":"https:\/\/ks-zdole.si\/index.php\/wp-json\/wp\/v2\/pages\/3336\/revisions"}],"predecessor-version":[{"id":3339,"href":"https:\/\/ks-zdole.si\/index.php\/wp-json\/wp\/v2\/pages\/3336\/revisions\/3339"}],"wp:attachment":[{"href":"https:\/\/ks-zdole.si\/index.php\/wp-json\/wp\/v2\/media?parent=3336"}],"curies":[{"name":"wp","href":"https:\/\/api.w.org\/{rel}","templated":true}]}}