
{"id":3309,"date":"2023-11-12T19:37:03","date_gmt":"2023-11-12T18:37:03","guid":{"rendered":"https:\/\/ks-zdole.si\/?page_id=3309"},"modified":"2023-11-12T19:56:47","modified_gmt":"2023-11-12T18:56:47","slug":"vidova-pohodna-pot","status":"publish","type":"page","link":"https:\/\/ks-zdole.si\/index.php\/vidova-pohodna-pot\/","title":{"rendered":"VIDOVA POHODNA POT"},"content":{"rendered":"\n<h3 class=\"wp-block-heading\">Zemljevid<\/h3>\n\n\n<p><div class=\"leaflet-map WPLeafletMap\" style=\"height:600px; width:100%;\"><\/div><script>\nwindow.WPLeafletMapPlugin = window.WPLeafletMapPlugin || [];\nwindow.WPLeafletMapPlugin.push(function WPLeafletMapShortcode() {\/*<script>*\/\nvar baseUrl = atob('aHR0cHM6Ly97c30udGlsZS5vcGVuc3RyZWV0bWFwLm9yZy97en0ve3h9L3t5fS5wbmc=');\nvar base = (!baseUrl && window.MQ) ?\n    window.MQ.mapLayer() : L.tileLayer(baseUrl,\n        L.Util.extend({}, {\n            detectRetina: 1,\n        },\n        {\"subdomains\":\"abc\",\"noWrap\":false,\"maxZoom\":18}        )\n    );\n    var options = L.Util.extend({}, {\n        layers: [base],\n        attributionControl: false\n    },\n    {\"zoomControl\":true,\"scrollWheelZoom\":false,\"doubleClickZoom\":true,\"fitBounds\":true,\"minZoom\":3,\"maxZoom\":18,\"maxBounds\":null,\"attribution\":\"<a href=\\\"http:\\\/\\\/leafletjs.com\\\" title=\\\"A JS library for interactive maps\\\">Leaflet<\\\/a>; \\u00a9 <a href=\\\"http:\\\/\\\/www.openstreetmap.org\\\/copyright\\\">OpenStreetMap<\\\/a> contributors\"},\n    {});\nwindow.WPLeafletMapPlugin.createMap(options).setView([45.975760415611,15.542542934418],9);window.WPLeafletMapPlugin.createScale({});});<\/script>\n[elevation gpx=https:\/\/ks-zdole.si\/wp-content\/uploads\/2023\/07\/cebelarska_pot.gpx ]<\/p>\n\n\n\n<p><a href=\"https:\/\/ks-zdole.si\/wp-content\/uploads\/2023\/07\/cebelarska_pot.gpx\">GPX podatki o poti<\/a><\/p>\n\n\n\n<div style=\"height:30px\" aria-hidden=\"true\" class=\"wp-block-spacer\"><\/div>\n\n\n\n<h3 class=\"wp-block-heading\">Opis poti<\/h3>\n\n\n\n<p>Vidova pohodna pot pot je \u010dudovita naravna pot, ki ponuja izjemno do\u017eivetje vinogradni\u0161ke regije. Pot se razprostira skozi slikovite vinograde, ki obkro\u017eajo o\u010darljive vasi in gri\u010de. Narava je tukaj pravi raj za ljubitelje pohodni\u0161tva in vinske kulture.<\/p>\n\n\n\n<p>Pot za\u010dne na robu majhne vasice, kjer vas pozdravi dih jemajo\u010d razgled na neskon\u010dne vrste vinogradov. Sledite poti, ki vas vodi skozi neokrnjeno naravo, polno cvetja in zelenja. Med hojo boste u\u017eivali v melodiji ptic in vonju divjih cvetlic, ki vas bodo spremljali na va\u0161em popotovanju.<\/p>\n\n\n\n<p>Narava tu ponuja raznolikost rastlinskih vrst, od grmi\u010devja do dreves, ki ustvarjajo bogato ekosistemsko ravnote\u017eje. Ob\u010dudovali boste razli\u010dne vrste ptic, ki gnezdijo v tem obmo\u010dju, in v\u010dasih boste morda opazili tudi kakega srnca, ki radovedno pase med vinogradi.<\/p>\n\n\n\n<p>Med hojo boste imeli prilo\u017enost opazovati tudi delo vinogradnikov, kako skrbno obdelujejo svoje vinograde. Pristni pridelovalci vina, ki se s ponosom predajajo svojemu delu, so del te pokrajine \u017ee stoletja. Vonj sve\u017ee poko\u0161ene trave in lesene sodobnega sod\u010dka vas bo popeljal v pristno vinsko izku\u0161njo.<\/p>\n\n\n\n<p>Pot se nato vzpne na manj\u0161e gri\u010de, od koder boste lahko ob\u010dudovali panoramski razgled na vinsko regijo. Son\u010dni zahod, ki obarva nebo v odtenkih rde\u010de, oran\u017ene in vijoli\u010dne barve, ustvari slikovito ozadje, pred katerim se bodo \u0161e posebej izstopali vinogradi v zlati svetlobi.<\/p>\n\n\n\n<p>Na poti boste na\u0161li tudi zanimive interpretacijske table in to\u010dke, kjer boste lahko spoznali ve\u010d o zgodovini in tradiciji vinskega pridelovanja v tem okoli\u0161u. Odkrili boste, kako se je skozi stoletja razvijala kultura vinogradni\u0161tva in kako so se lokalne sorte grozdja prilagodile edinstvenim vremenskim in talnim razmeram.<\/p>\n\n\n\n<p>Vidova pohodna pot je odli\u010dna prilo\u017enost za povezavo z naravo, spoznavanje vinskih tradicij ter razumevanje pomena ohranjanja ekosistemov, ki so klju\u010dni za pridelavo vrhunskih vinogradni\u0161kih pridelkov. Ta pot je tako za doma\u010dine kot obiskovalce pravi magnet za odkrivanje lepot vinske pokrajine, ki se bo vtisnila v va\u0161e srce in spomin za vedno.<\/p>\n\n\n\n<div style=\"height:40px\" aria-hidden=\"true\" class=\"wp-block-spacer\"><\/div>\n\n\n\n<p>ToDo:<br>&#8211; Dodaj slike<\/p>\n\n\n\n<div style=\"height:40px\" aria-hidden=\"true\" class=\"wp-block-spacer\"><\/div>\n\n\n\n<h3 class=\"wp-block-heading\">Pohodni\u0161ke poti<\/h3>\n\n\n\n<table id=\"tablepress-11\" class=\"tablepress tablepress-id-11\">\n<thead>\n<tr class=\"row-1\">\n\t<th class=\"column-1\">NAZIV<\/th><th class=\"column-2\">DOL\u017dINA<\/th><th class=\"column-3\">\u010cASOVNICA<\/th>\n<\/tr>\n<\/thead>\n<tbody class=\"row-striping row-hover\">\n<tr class=\"row-2\">\n\t<td class=\"column-1\"><a href=\"https:\/\/ks-zdole.si\/index.php\/cebelarska-pohodna-pot\/\">\u010cEBELARSKA POHODNA POT<\/a><\/td><td class=\"column-2\">4,5 km<\/td><td class=\"column-3\">2 h<\/td>\n<\/tr>\n<tr class=\"row-3\">\n\t<td class=\"column-1\"><a href=\"https:\/\/ks-zdole.si\/index.php\/e7-naprudnikova-pot\/\">E7 - NAPRUDNIKOVA POT<\/a><\/td><td class=\"column-2\">630 km<\/td><td class=\"column-3\">20 h 55 min<\/td>\n<\/tr>\n<tr class=\"row-4\">\n\t<td class=\"column-1\"><a href=\"https:\/\/ks-zdole.si\/index.php\/bizeljsko-pusti-vrh-grad-podsreda\/\">BIZELJSKO - PUSTI VRH - GRAD PODSREDA<\/a><\/td><td class=\"column-2\">11,3 km<\/td><td class=\"column-3\">3 h 45 min<\/td>\n<\/tr>\n<tr class=\"row-5\">\n\t<td class=\"column-1\"><a href=\"https:\/\/ks-zdole.si\/index.php\/po-poteh-kozjanskih-borcev\/\">PO POTEH KOZJANSKIH BORCEV<\/a><\/td><td class=\"column-2\">30 km<\/td><td class=\"column-3\">10 h 20 min<\/td>\n<\/tr>\n<tr class=\"row-6\">\n\t<td class=\"column-1\"><a href=\"https:\/\/ks-zdole.si\/index.php\/zavetisce-v-pecicah-grad-podsreda-sv-gore\/\">ZAVETI\u0160\u010cE V PE\u010cICAH - GRAD PODSREDA - SV. GORE<\/a><\/td><td class=\"column-2\">12,4 km<\/td><td class=\"column-3\">3 h 50 min<\/td>\n<\/tr>\n<tr class=\"row-7\">\n\t<td class=\"column-1\"><a href=\"https:\/\/ks-zdole.si\/index.php\/krsko-zavetisce-v-pecicah\/\">KR\u0160KO - ZAVETI\u0160\u010cE V PE\u010cICAH<\/a><\/td><td class=\"column-2\">20,6 km<\/td><td class=\"column-3\">6h 5 min<\/td>\n<\/tr>\n<tr class=\"row-8\">\n\t<td class=\"column-1\"><a href=\"https:\/\/ks-zdole.si\/index.php\/vidova-pohodna-pot\/\">POT NA GRMADO \u010cEZ LIBNO<\/a><\/td><td class=\"column-2\">12,9 km<\/td><td class=\"column-3\">4 h 15 min<\/td>\n<\/tr>\n<tr class=\"row-9\">\n\t<td class=\"column-1\"><a href=\"https:\/\/ks-zdole.si\/index.php\/vidova-pohodna-pot\/\">KR\u0160KO - BRESTANICA<\/a><\/td><td class=\"column-2\">9,7 km<\/td><td class=\"column-3\">3 h 20 min<\/td>\n<\/tr>\n<tr class=\"row-10\">\n\t<td class=\"column-1\"><\/td><td class=\"column-2\"><\/td><td class=\"column-3\"><\/td>\n<\/tr>\n<tr class=\"row-11\">\n\t<td class=\"column-1\"><\/td><td class=\"column-2\"><\/td><td class=\"column-3\"><\/td>\n<\/tr>\n<\/tbody>\n<\/table>\n\n","protected":false},"excerpt":{"rendered":"<p>Zemljevid GPX podatki o poti Opis poti Vidova pohodna pot pot je \u010dudovita naravna pot, ki ponuja izjemno do\u017eivetje vinogradni\u0161ke regije. Pot se razprostira skozi slikovite vinograde, ki obkro\u017eajo o\u010darljive vasi in gri\u010de. Narava je tukaj pravi raj za ljubitelje pohodni\u0161tva in vinske kulture. Pot za\u010dne na robu majhne vasice, kjer vas pozdravi dih jemajo\u010d [&hellip;]<\/p>\n","protected":false},"author":1,"featured_media":0,"parent":0,"menu_order":0,"comment_status":"closed","ping_status":"closed","template":"","meta":{"_mc_calendar":[],"footnotes":""},"class_list":["post-3309","page","type-page","status-publish","hentry"],"yoast_head":"<!-- This site is optimized with the Yoast SEO plugin v27.5 - https:\/\/yoast.com\/product\/yoast-seo-wordpress\/ -->\n<title>VIDOVA POHODNA POT - KS - ZDOLE<\/title>\n<meta name=\"robots\" content=\"index, follow, max-snippet:-1, max-image-preview:large, max-video-preview:-1\" \/>\n<link rel=\"canonical\" href=\"https:\/\/ks-zdole.si\/index.php\/vidova-pohodna-pot\/\" \/>\n<meta property=\"og:locale\" content=\"sl_SI\" \/>\n<meta property=\"og:type\" content=\"article\" \/>\n<meta property=\"og:title\" content=\"VIDOVA POHODNA POT - KS - ZDOLE\" \/>\n<meta property=\"og:description\" content=\"Zemljevid GPX podatki o poti Opis poti Vidova pohodna pot pot je \u010dudovita naravna pot, ki ponuja izjemno do\u017eivetje vinogradni\u0161ke regije. Pot se razprostira skozi slikovite vinograde, ki obkro\u017eajo o\u010darljive vasi in gri\u010de. Narava je tukaj pravi raj za ljubitelje pohodni\u0161tva in vinske kulture. Pot za\u010dne na robu majhne vasice, kjer vas pozdravi dih jemajo\u010d [&hellip;]\" \/>\n<meta property=\"og:url\" content=\"https:\/\/ks-zdole.si\/index.php\/vidova-pohodna-pot\/\" \/>\n<meta property=\"og:site_name\" content=\"KS - ZDOLE\" \/>\n<meta property=\"article:modified_time\" content=\"2023-11-12T18:56:47+00:00\" \/>\n<meta name=\"twitter:card\" content=\"summary_large_image\" \/>\n<meta name=\"twitter:label1\" content=\"Est. reading time\" \/>\n\t<meta name=\"twitter:data1\" content=\"2 minuti\" \/>\n<script type=\"application\/ld+json\" class=\"yoast-schema-graph\">{\"@context\":\"https:\\\/\\\/schema.org\",\"@graph\":[{\"@type\":\"WebPage\",\"@id\":\"https:\\\/\\\/ks-zdole.si\\\/index.php\\\/vidova-pohodna-pot\\\/\",\"url\":\"https:\\\/\\\/ks-zdole.si\\\/index.php\\\/vidova-pohodna-pot\\\/\",\"name\":\"VIDOVA POHODNA POT - KS - ZDOLE\",\"isPartOf\":{\"@id\":\"https:\\\/\\\/ks-zdole.si\\\/#website\"},\"datePublished\":\"2023-11-12T18:37:03+00:00\",\"dateModified\":\"2023-11-12T18:56:47+00:00\",\"breadcrumb\":{\"@id\":\"https:\\\/\\\/ks-zdole.si\\\/index.php\\\/vidova-pohodna-pot\\\/#breadcrumb\"},\"inLanguage\":\"sl-SI\",\"potentialAction\":[{\"@type\":\"ReadAction\",\"target\":[\"https:\\\/\\\/ks-zdole.si\\\/index.php\\\/vidova-pohodna-pot\\\/\"]}]},{\"@type\":\"BreadcrumbList\",\"@id\":\"https:\\\/\\\/ks-zdole.si\\\/index.php\\\/vidova-pohodna-pot\\\/#breadcrumb\",\"itemListElement\":[{\"@type\":\"ListItem\",\"position\":1,\"name\":\"Home\",\"item\":\"https:\\\/\\\/ks-zdole.si\\\/\"},{\"@type\":\"ListItem\",\"position\":2,\"name\":\"VIDOVA POHODNA POT\"}]},{\"@type\":\"WebSite\",\"@id\":\"https:\\\/\\\/ks-zdole.si\\\/#website\",\"url\":\"https:\\\/\\\/ks-zdole.si\\\/\",\"name\":\"KS - ZDOLE\",\"description\":\"Zdole, lu\u010d sveta!\",\"publisher\":{\"@id\":\"https:\\\/\\\/ks-zdole.si\\\/#organization\"},\"potentialAction\":[{\"@type\":\"SearchAction\",\"target\":{\"@type\":\"EntryPoint\",\"urlTemplate\":\"https:\\\/\\\/ks-zdole.si\\\/?s={search_term_string}\"},\"query-input\":{\"@type\":\"PropertyValueSpecification\",\"valueRequired\":true,\"valueName\":\"search_term_string\"}}],\"inLanguage\":\"sl-SI\"},{\"@type\":\"Organization\",\"@id\":\"https:\\\/\\\/ks-zdole.si\\\/#organization\",\"name\":\"KS - ZDOLE\",\"url\":\"https:\\\/\\\/ks-zdole.si\\\/\",\"logo\":{\"@type\":\"ImageObject\",\"inLanguage\":\"sl-SI\",\"@id\":\"https:\\\/\\\/ks-zdole.si\\\/#\\\/schema\\\/logo\\\/image\\\/\",\"url\":\"https:\\\/\\\/ks-zdole.si\\\/wp-content\\\/uploads\\\/2024\\\/04\\\/grb_zdole_150.png\",\"contentUrl\":\"https:\\\/\\\/ks-zdole.si\\\/wp-content\\\/uploads\\\/2024\\\/04\\\/grb_zdole_150.png\",\"width\":150,\"height\":184,\"caption\":\"KS - ZDOLE\"},\"image\":{\"@id\":\"https:\\\/\\\/ks-zdole.si\\\/#\\\/schema\\\/logo\\\/image\\\/\"}}]}<\/script>\n<!-- \/ Yoast SEO plugin. -->","yoast_head_json":{"title":"VIDOVA POHODNA POT - KS - ZDOLE","robots":{"index":"index","follow":"follow","max-snippet":"max-snippet:-1","max-image-preview":"max-image-preview:large","max-video-preview":"max-video-preview:-1"},"canonical":"https:\/\/ks-zdole.si\/index.php\/vidova-pohodna-pot\/","og_locale":"sl_SI","og_type":"article","og_title":"VIDOVA POHODNA POT - KS - ZDOLE","og_description":"Zemljevid GPX podatki o poti Opis poti Vidova pohodna pot pot je \u010dudovita naravna pot, ki ponuja izjemno do\u017eivetje vinogradni\u0161ke regije. Pot se razprostira skozi slikovite vinograde, ki obkro\u017eajo o\u010darljive vasi in gri\u010de. Narava je tukaj pravi raj za ljubitelje pohodni\u0161tva in vinske kulture. Pot za\u010dne na robu majhne vasice, kjer vas pozdravi dih jemajo\u010d [&hellip;]","og_url":"https:\/\/ks-zdole.si\/index.php\/vidova-pohodna-pot\/","og_site_name":"KS - ZDOLE","article_modified_time":"2023-11-12T18:56:47+00:00","twitter_card":"summary_large_image","twitter_misc":{"Est. reading time":"2 minuti"},"schema":{"@context":"https:\/\/schema.org","@graph":[{"@type":"WebPage","@id":"https:\/\/ks-zdole.si\/index.php\/vidova-pohodna-pot\/","url":"https:\/\/ks-zdole.si\/index.php\/vidova-pohodna-pot\/","name":"VIDOVA POHODNA POT - KS - ZDOLE","isPartOf":{"@id":"https:\/\/ks-zdole.si\/#website"},"datePublished":"2023-11-12T18:37:03+00:00","dateModified":"2023-11-12T18:56:47+00:00","breadcrumb":{"@id":"https:\/\/ks-zdole.si\/index.php\/vidova-pohodna-pot\/#breadcrumb"},"inLanguage":"sl-SI","potentialAction":[{"@type":"ReadAction","target":["https:\/\/ks-zdole.si\/index.php\/vidova-pohodna-pot\/"]}]},{"@type":"BreadcrumbList","@id":"https:\/\/ks-zdole.si\/index.php\/vidova-pohodna-pot\/#breadcrumb","itemListElement":[{"@type":"ListItem","position":1,"name":"Home","item":"https:\/\/ks-zdole.si\/"},{"@type":"ListItem","position":2,"name":"VIDOVA POHODNA POT"}]},{"@type":"WebSite","@id":"https:\/\/ks-zdole.si\/#website","url":"https:\/\/ks-zdole.si\/","name":"KS - ZDOLE","description":"Zdole, lu\u010d sveta!","publisher":{"@id":"https:\/\/ks-zdole.si\/#organization"},"potentialAction":[{"@type":"SearchAction","target":{"@type":"EntryPoint","urlTemplate":"https:\/\/ks-zdole.si\/?s={search_term_string}"},"query-input":{"@type":"PropertyValueSpecification","valueRequired":true,"valueName":"search_term_string"}}],"inLanguage":"sl-SI"},{"@type":"Organization","@id":"https:\/\/ks-zdole.si\/#organization","name":"KS - ZDOLE","url":"https:\/\/ks-zdole.si\/","logo":{"@type":"ImageObject","inLanguage":"sl-SI","@id":"https:\/\/ks-zdole.si\/#\/schema\/logo\/image\/","url":"https:\/\/ks-zdole.si\/wp-content\/uploads\/2024\/04\/grb_zdole_150.png","contentUrl":"https:\/\/ks-zdole.si\/wp-content\/uploads\/2024\/04\/grb_zdole_150.png","width":150,"height":184,"caption":"KS - ZDOLE"},"image":{"@id":"https:\/\/ks-zdole.si\/#\/schema\/logo\/image\/"}}]}},"_links":{"self":[{"href":"https:\/\/ks-zdole.si\/index.php\/wp-json\/wp\/v2\/pages\/3309","targetHints":{"allow":["GET"]}}],"collection":[{"href":"https:\/\/ks-zdole.si\/index.php\/wp-json\/wp\/v2\/pages"}],"about":[{"href":"https:\/\/ks-zdole.si\/index.php\/wp-json\/wp\/v2\/types\/page"}],"author":[{"embeddable":true,"href":"https:\/\/ks-zdole.si\/index.php\/wp-json\/wp\/v2\/users\/1"}],"replies":[{"embeddable":true,"href":"https:\/\/ks-zdole.si\/index.php\/wp-json\/wp\/v2\/comments?post=3309"}],"version-history":[{"count":11,"href":"https:\/\/ks-zdole.si\/index.php\/wp-json\/wp\/v2\/pages\/3309\/revisions"}],"predecessor-version":[{"id":3330,"href":"https:\/\/ks-zdole.si\/index.php\/wp-json\/wp\/v2\/pages\/3309\/revisions\/3330"}],"wp:attachment":[{"href":"https:\/\/ks-zdole.si\/index.php\/wp-json\/wp\/v2\/media?parent=3309"}],"curies":[{"name":"wp","href":"https:\/\/api.w.org\/{rel}","templated":true}]}}