
{"id":2648,"date":"2023-09-23T20:19:26","date_gmt":"2023-09-23T19:19:26","guid":{"rendered":"https:\/\/ks-zdole.si\/?page_id=2648"},"modified":"2023-11-12T22:24:31","modified_gmt":"2023-11-12T21:24:31","slug":"pgd-zdole-vodstvo","status":"publish","type":"page","link":"https:\/\/ks-zdole.si\/index.php\/pgd-zdole-vodstvo\/","title":{"rendered":"PGD ZDOLE &#8211; VODSTVO"},"content":{"rendered":"\n<div class=\"wp-block-buttons is-content-justification-right is-layout-flex wp-container-core-buttons-is-layout-d445cf74 wp-block-buttons-is-layout-flex\">\n<div class=\"wp-block-button has-custom-font-size is-style-outline is-style-outline--1\" style=\"font-size:14px\"><a class=\"wp-block-button__link has-white-color has-text-color has-background wp-element-button\" href=\"https:\/\/ks-zdole.si\/index.php\/gasilsko-drustvo-zdole\/\" style=\"border-radius:10px;background-color:#044f70\">DOMOV<\/a><\/div>\n\n\n\n<div class=\"wp-block-button has-custom-font-size is-style-outline is-style-outline--2\" style=\"font-size:14px\"><a class=\"wp-block-button__link has-white-color has-text-color has-background wp-element-button\" href=\"https:\/\/ks-zdole.si\/index.php\/pgd-zdole-pisarna\/\" style=\"border-radius:10px;background-color:#044f70\">PISARNA<\/a><\/div>\n\n\n\n<div class=\"wp-block-button has-custom-font-size is-style-outline is-style-outline--3\" style=\"font-size:14px\"><a class=\"wp-block-button__link has-white-color has-text-color has-background wp-element-button\" href=\"https:\/\/ks-zdole.si\/index.php\/pgd-zdole-vodstvo\/\" style=\"border-radius:10px;background-color:#044f70\">VODSTVO<\/a><\/div>\n\n\n\n<div class=\"wp-block-button has-custom-font-size is-style-outline is-style-outline--4\" style=\"font-size:14px\"><a class=\"wp-block-button__link has-white-color has-text-color has-background wp-element-button\" href=\"https:\/\/ks-zdole.si\/index.php\/pgd-zdole-zgodovina\/\" style=\"border-radius:10px;background-color:#044f70\">ZGODOVINA<\/a><\/div>\n\n\n\n<div class=\"wp-block-button has-custom-font-size is-style-outline is-style-outline--5\" style=\"font-size:14px\"><a class=\"wp-block-button__link has-white-color has-text-color has-background wp-element-button\" href=\"https:\/\/www.facebook.com\/pgd.zdole.5\/\" style=\"border-radius:10px;background-color:#044f70\" target=\"_blank\" rel=\"noreferrer noopener\">FACEBOOK<\/a><\/div>\n<\/div>\n\n\n\n<hr class=\"wp-block-separator has-alpha-channel-opacity\"\/>\n\n\n\n<div style=\"height:50px\" aria-hidden=\"true\" class=\"wp-block-spacer\"><\/div>\n\n\n<h2 id=\"tablepress-21-name\" class=\"tablepress-table-name tablepress-table-name-id-21\">PGD ZDOLE &#8211; AKTIVNO VODSTVO<\/h2>\n\n<table id=\"tablepress-21\" class=\"tablepress tablepress-id-21\" aria-labelledby=\"tablepress-21-name\">\n<thead>\n<tr class=\"row-1\">\n\t<th class=\"column-1\">funkcija<\/th><th class=\"column-2\">ime in priimek<\/th>\n<\/tr>\n<\/thead>\n<tbody class=\"row-striping row-hover\">\n<tr class=\"row-2\">\n\t<td class=\"column-1\">predsednik<\/td><td class=\"column-2\">Drago \u017dupevc<\/td>\n<\/tr>\n<tr class=\"row-3\">\n\t<td class=\"column-1\">poveljnik<\/td><td class=\"column-2\">Uro\u0161 Seli\u010d<\/td>\n<\/tr>\n<tr class=\"row-4\">\n\t<td class=\"column-1\">podpredsednik<\/td><td class=\"column-2\">Andrej \u017dupevc<\/td>\n<\/tr>\n<tr class=\"row-5\">\n\t<td class=\"column-1\">tajnik<\/td><td class=\"column-2\">Mitja Ficko<\/td>\n<\/tr>\n<tr class=\"row-6\">\n\t<td class=\"column-1\">blagajnik<\/td><td class=\"column-2\">Darko Topli\u0161ek<\/td>\n<\/tr>\n<\/tbody>\n<\/table>\n\n\n\n<div style=\"height:50px\" aria-hidden=\"true\" class=\"wp-block-spacer\"><\/div>\n\n\n<h2 id=\"tablepress-19-name\" class=\"tablepress-table-name tablepress-table-name-id-19\">PGD ZDOLE &#8211; PREDSEDNIKI PO LETIH<\/h2>\n\n<table id=\"tablepress-19\" class=\"tablepress tablepress-id-19\" aria-labelledby=\"tablepress-19-name\">\n<thead>\n<tr class=\"row-1\">\n\t<th class=\"column-1\">leto<\/th><th class=\"column-2\">ime in priimek<\/th><th class=\"column-3\">naziv<\/th>\n<\/tr>\n<\/thead>\n<tbody class=\"row-striping row-hover\">\n<tr class=\"row-2\">\n\t<td class=\"column-1\">1951 &#8211; 1956<\/td><td class=\"column-2\">Anton \u017divi\u010d<\/td><td class=\"column-3\">izpra\u0161an gasilec<\/td>\n<\/tr>\n<tr class=\"row-3\">\n\t<td class=\"column-1\">1956 &#8211; 1960<\/td><td class=\"column-2\">Jo\u017ee Vodopivec<\/td><td class=\"column-3\">gasilec<\/td>\n<\/tr>\n<tr class=\"row-4\">\n\t<td class=\"column-1\">1960 &#8211; 1973<\/td><td class=\"column-2\">Branko Molan<\/td><td class=\"column-3\">ni\u017eji gasilski \u010dastnik 2. stopnje<\/td>\n<\/tr>\n<tr class=\"row-5\">\n\t<td class=\"column-1\">1973 &#8211; 1993<\/td><td class=\"column-2\">Branko \u0160oba<\/td><td class=\"column-3\">st. gasilski \u010dastnik 1. stopnje<\/td>\n<\/tr>\n<tr class=\"row-6\">\n\t<td class=\"column-1\">1993 &#8211; 1998<\/td><td class=\"column-2\">Jani Molan<\/td><td class=\"column-3\">gasilec<\/td>\n<\/tr>\n<tr class=\"row-7\">\n\t<td class=\"column-1\">1998<\/td><td class=\"column-2\">Drago \u017dupevc<\/td><td class=\"column-3\">gasilski \u010dastnik 1. stopnje<\/td>\n<\/tr>\n<\/tbody>\n<\/table>\n\n\n\n<div style=\"height:50px\" aria-hidden=\"true\" class=\"wp-block-spacer\"><\/div>\n\n\n<h2 id=\"tablepress-20-name\" class=\"tablepress-table-name tablepress-table-name-id-20\">PGD ZDOLE &#8211; POVELJNIKI PO LETIH<\/h2>\n\n<table id=\"tablepress-20\" class=\"tablepress tablepress-id-20\" aria-labelledby=\"tablepress-20-name\">\n<thead>\n<tr class=\"row-1\">\n\t<th class=\"column-1\">leto<\/th><th class=\"column-2\">ime in priimek<\/th><th class=\"column-3\">naziv<\/th>\n<\/tr>\n<\/thead>\n<tbody class=\"row-striping row-hover\">\n<tr class=\"row-2\">\n\t<td class=\"column-1\">1951 &#8211; 1973<\/td><td class=\"column-2\">Branko \u0160oba<\/td><td class=\"column-3\">gasilski \u010dastnik 1. stopnje<\/td>\n<\/tr>\n<tr class=\"row-3\">\n\t<td class=\"column-1\">1973 &#8211; 1980<\/td><td class=\"column-2\">Rudi \u017dupan\u010di\u010d<\/td><td class=\"column-3\">gasilski \u010dastnik 1. stopnje<\/td>\n<\/tr>\n<tr class=\"row-4\">\n\t<td class=\"column-1\">1980 &#8211; 1993<\/td><td class=\"column-2\">Marijan Molan<\/td><td class=\"column-3\">gasilski \u010dastnik 2. stopnje<\/td>\n<\/tr>\n<tr class=\"row-5\">\n\t<td class=\"column-1\">1993 &#8211; <\/td><td class=\"column-2\">Danijel Pleterski<\/td><td class=\"column-3\">gasilski \u010dastnik 1. stopnje<\/td>\n<\/tr>\n<\/tbody>\n<\/table>\n\n\n\n<div style=\"height:50px\" aria-hidden=\"true\" class=\"wp-block-spacer\"><\/div>\n","protected":false},"excerpt":{"rendered":"","protected":false},"author":1,"featured_media":0,"parent":0,"menu_order":0,"comment_status":"closed","ping_status":"closed","template":"","meta":{"_mc_calendar":[],"footnotes":""},"class_list":["post-2648","page","type-page","status-publish","hentry"],"yoast_head":"<!-- This site is optimized with the Yoast SEO plugin v27.5 - https:\/\/yoast.com\/product\/yoast-seo-wordpress\/ -->\n<title>PGD ZDOLE - VODSTVO - KS - ZDOLE<\/title>\n<meta name=\"robots\" content=\"index, follow, max-snippet:-1, max-image-preview:large, max-video-preview:-1\" \/>\n<link rel=\"canonical\" href=\"https:\/\/ks-zdole.si\/index.php\/pgd-zdole-vodstvo\/\" \/>\n<meta property=\"og:locale\" content=\"sl_SI\" \/>\n<meta property=\"og:type\" content=\"article\" \/>\n<meta property=\"og:title\" content=\"PGD ZDOLE - VODSTVO - KS - ZDOLE\" \/>\n<meta property=\"og:url\" content=\"https:\/\/ks-zdole.si\/index.php\/pgd-zdole-vodstvo\/\" \/>\n<meta property=\"og:site_name\" content=\"KS - ZDOLE\" \/>\n<meta property=\"article:modified_time\" content=\"2023-11-12T21:24:31+00:00\" \/>\n<meta name=\"twitter:card\" content=\"summary_large_image\" \/>\n<script type=\"application\/ld+json\" class=\"yoast-schema-graph\">{\"@context\":\"https:\\\/\\\/schema.org\",\"@graph\":[{\"@type\":\"WebPage\",\"@id\":\"https:\\\/\\\/ks-zdole.si\\\/index.php\\\/pgd-zdole-vodstvo\\\/\",\"url\":\"https:\\\/\\\/ks-zdole.si\\\/index.php\\\/pgd-zdole-vodstvo\\\/\",\"name\":\"PGD ZDOLE - VODSTVO - KS - ZDOLE\",\"isPartOf\":{\"@id\":\"https:\\\/\\\/ks-zdole.si\\\/#website\"},\"datePublished\":\"2023-09-23T19:19:26+00:00\",\"dateModified\":\"2023-11-12T21:24:31+00:00\",\"breadcrumb\":{\"@id\":\"https:\\\/\\\/ks-zdole.si\\\/index.php\\\/pgd-zdole-vodstvo\\\/#breadcrumb\"},\"inLanguage\":\"sl-SI\",\"potentialAction\":[{\"@type\":\"ReadAction\",\"target\":[\"https:\\\/\\\/ks-zdole.si\\\/index.php\\\/pgd-zdole-vodstvo\\\/\"]}]},{\"@type\":\"BreadcrumbList\",\"@id\":\"https:\\\/\\\/ks-zdole.si\\\/index.php\\\/pgd-zdole-vodstvo\\\/#breadcrumb\",\"itemListElement\":[{\"@type\":\"ListItem\",\"position\":1,\"name\":\"Home\",\"item\":\"https:\\\/\\\/ks-zdole.si\\\/\"},{\"@type\":\"ListItem\",\"position\":2,\"name\":\"PGD ZDOLE &#8211; VODSTVO\"}]},{\"@type\":\"WebSite\",\"@id\":\"https:\\\/\\\/ks-zdole.si\\\/#website\",\"url\":\"https:\\\/\\\/ks-zdole.si\\\/\",\"name\":\"KS - ZDOLE\",\"description\":\"Zdole, lu\u010d sveta!\",\"publisher\":{\"@id\":\"https:\\\/\\\/ks-zdole.si\\\/#organization\"},\"potentialAction\":[{\"@type\":\"SearchAction\",\"target\":{\"@type\":\"EntryPoint\",\"urlTemplate\":\"https:\\\/\\\/ks-zdole.si\\\/?s={search_term_string}\"},\"query-input\":{\"@type\":\"PropertyValueSpecification\",\"valueRequired\":true,\"valueName\":\"search_term_string\"}}],\"inLanguage\":\"sl-SI\"},{\"@type\":\"Organization\",\"@id\":\"https:\\\/\\\/ks-zdole.si\\\/#organization\",\"name\":\"KS - ZDOLE\",\"url\":\"https:\\\/\\\/ks-zdole.si\\\/\",\"logo\":{\"@type\":\"ImageObject\",\"inLanguage\":\"sl-SI\",\"@id\":\"https:\\\/\\\/ks-zdole.si\\\/#\\\/schema\\\/logo\\\/image\\\/\",\"url\":\"https:\\\/\\\/ks-zdole.si\\\/wp-content\\\/uploads\\\/2024\\\/04\\\/grb_zdole_150.png\",\"contentUrl\":\"https:\\\/\\\/ks-zdole.si\\\/wp-content\\\/uploads\\\/2024\\\/04\\\/grb_zdole_150.png\",\"width\":150,\"height\":184,\"caption\":\"KS - ZDOLE\"},\"image\":{\"@id\":\"https:\\\/\\\/ks-zdole.si\\\/#\\\/schema\\\/logo\\\/image\\\/\"}}]}<\/script>\n<!-- \/ Yoast SEO plugin. -->","yoast_head_json":{"title":"PGD ZDOLE - VODSTVO - KS - ZDOLE","robots":{"index":"index","follow":"follow","max-snippet":"max-snippet:-1","max-image-preview":"max-image-preview:large","max-video-preview":"max-video-preview:-1"},"canonical":"https:\/\/ks-zdole.si\/index.php\/pgd-zdole-vodstvo\/","og_locale":"sl_SI","og_type":"article","og_title":"PGD ZDOLE - VODSTVO - KS - ZDOLE","og_url":"https:\/\/ks-zdole.si\/index.php\/pgd-zdole-vodstvo\/","og_site_name":"KS - ZDOLE","article_modified_time":"2023-11-12T21:24:31+00:00","twitter_card":"summary_large_image","schema":{"@context":"https:\/\/schema.org","@graph":[{"@type":"WebPage","@id":"https:\/\/ks-zdole.si\/index.php\/pgd-zdole-vodstvo\/","url":"https:\/\/ks-zdole.si\/index.php\/pgd-zdole-vodstvo\/","name":"PGD ZDOLE - VODSTVO - KS - ZDOLE","isPartOf":{"@id":"https:\/\/ks-zdole.si\/#website"},"datePublished":"2023-09-23T19:19:26+00:00","dateModified":"2023-11-12T21:24:31+00:00","breadcrumb":{"@id":"https:\/\/ks-zdole.si\/index.php\/pgd-zdole-vodstvo\/#breadcrumb"},"inLanguage":"sl-SI","potentialAction":[{"@type":"ReadAction","target":["https:\/\/ks-zdole.si\/index.php\/pgd-zdole-vodstvo\/"]}]},{"@type":"BreadcrumbList","@id":"https:\/\/ks-zdole.si\/index.php\/pgd-zdole-vodstvo\/#breadcrumb","itemListElement":[{"@type":"ListItem","position":1,"name":"Home","item":"https:\/\/ks-zdole.si\/"},{"@type":"ListItem","position":2,"name":"PGD ZDOLE &#8211; VODSTVO"}]},{"@type":"WebSite","@id":"https:\/\/ks-zdole.si\/#website","url":"https:\/\/ks-zdole.si\/","name":"KS - ZDOLE","description":"Zdole, lu\u010d sveta!","publisher":{"@id":"https:\/\/ks-zdole.si\/#organization"},"potentialAction":[{"@type":"SearchAction","target":{"@type":"EntryPoint","urlTemplate":"https:\/\/ks-zdole.si\/?s={search_term_string}"},"query-input":{"@type":"PropertyValueSpecification","valueRequired":true,"valueName":"search_term_string"}}],"inLanguage":"sl-SI"},{"@type":"Organization","@id":"https:\/\/ks-zdole.si\/#organization","name":"KS - ZDOLE","url":"https:\/\/ks-zdole.si\/","logo":{"@type":"ImageObject","inLanguage":"sl-SI","@id":"https:\/\/ks-zdole.si\/#\/schema\/logo\/image\/","url":"https:\/\/ks-zdole.si\/wp-content\/uploads\/2024\/04\/grb_zdole_150.png","contentUrl":"https:\/\/ks-zdole.si\/wp-content\/uploads\/2024\/04\/grb_zdole_150.png","width":150,"height":184,"caption":"KS - ZDOLE"},"image":{"@id":"https:\/\/ks-zdole.si\/#\/schema\/logo\/image\/"}}]}},"_links":{"self":[{"href":"https:\/\/ks-zdole.si\/index.php\/wp-json\/wp\/v2\/pages\/2648","targetHints":{"allow":["GET"]}}],"collection":[{"href":"https:\/\/ks-zdole.si\/index.php\/wp-json\/wp\/v2\/pages"}],"about":[{"href":"https:\/\/ks-zdole.si\/index.php\/wp-json\/wp\/v2\/types\/page"}],"author":[{"embeddable":true,"href":"https:\/\/ks-zdole.si\/index.php\/wp-json\/wp\/v2\/users\/1"}],"replies":[{"embeddable":true,"href":"https:\/\/ks-zdole.si\/index.php\/wp-json\/wp\/v2\/comments?post=2648"}],"version-history":[{"count":14,"href":"https:\/\/ks-zdole.si\/index.php\/wp-json\/wp\/v2\/pages\/2648\/revisions"}],"predecessor-version":[{"id":3423,"href":"https:\/\/ks-zdole.si\/index.php\/wp-json\/wp\/v2\/pages\/2648\/revisions\/3423"}],"wp:attachment":[{"href":"https:\/\/ks-zdole.si\/index.php\/wp-json\/wp\/v2\/media?parent=2648"}],"curies":[{"name":"wp","href":"https:\/\/api.w.org\/{rel}","templated":true}]}}