
{"id":2584,"date":"2023-09-23T18:45:46","date_gmt":"2023-09-23T17:45:46","guid":{"rendered":"https:\/\/ks-zdole.si\/?page_id=2584"},"modified":"2023-11-12T22:24:53","modified_gmt":"2023-11-12T21:24:53","slug":"pgd-zdole-zgodovina","status":"publish","type":"page","link":"https:\/\/ks-zdole.si\/index.php\/pgd-zdole-zgodovina\/","title":{"rendered":"PGD ZDOLE &#8211; ZGODOVINA"},"content":{"rendered":"\n<div class=\"wp-block-buttons is-content-justification-right is-layout-flex wp-container-core-buttons-is-layout-d445cf74 wp-block-buttons-is-layout-flex\">\n<div class=\"wp-block-button has-custom-font-size is-style-outline is-style-outline--1\" style=\"font-size:14px\"><a class=\"wp-block-button__link has-white-color has-text-color has-background wp-element-button\" href=\"https:\/\/ks-zdole.si\/index.php\/gasilsko-drustvo-zdole\/\" style=\"border-radius:10px;background-color:#044f70\">DOMOV<\/a><\/div>\n\n\n\n<div class=\"wp-block-button has-custom-font-size is-style-outline is-style-outline--2\" style=\"font-size:14px\"><a class=\"wp-block-button__link has-white-color has-text-color has-background wp-element-button\" href=\"https:\/\/ks-zdole.si\/index.php\/pgd-zdole-pisarna\/\" style=\"border-radius:10px;background-color:#044f70\">PISARNA<\/a><\/div>\n\n\n\n<div class=\"wp-block-button has-custom-font-size is-style-outline is-style-outline--3\" style=\"font-size:14px\"><a class=\"wp-block-button__link has-white-color has-text-color has-background wp-element-button\" href=\"https:\/\/ks-zdole.si\/index.php\/pgd-zdole-vodstvo\/\" style=\"border-radius:10px;background-color:#044f70\">VODSTVO<\/a><\/div>\n\n\n\n<div class=\"wp-block-button has-custom-font-size is-style-outline is-style-outline--4\" style=\"font-size:14px\"><a class=\"wp-block-button__link has-white-color has-text-color has-background wp-element-button\" href=\"https:\/\/ks-zdole.si\/index.php\/pgd-zdole-zgodovina\/\" style=\"border-radius:10px;background-color:#044f70\">ZGODOVINA<\/a><\/div>\n\n\n\n<div class=\"wp-block-button has-custom-font-size is-style-outline is-style-outline--5\" style=\"font-size:14px\"><a class=\"wp-block-button__link has-white-color has-text-color has-background wp-element-button\" href=\"https:\/\/www.facebook.com\/pgd.zdole.5\/\" style=\"border-radius:10px;background-color:#044f70\" target=\"_blank\" rel=\"noreferrer noopener\">FACEBOOK<\/a><\/div>\n<\/div>\n\n\n\n<hr class=\"wp-block-separator has-alpha-channel-opacity\"\/>\n\n\n\n<div style=\"height:40px\" aria-hidden=\"true\" class=\"wp-block-spacer\"><\/div>\n\n\n\n<div class=\"wp-block-media-text is-stacked-on-mobile\" style=\"grid-template-columns:41% auto\"><figure class=\"wp-block-media-text__media\"><img loading=\"lazy\" decoding=\"async\" width=\"290\" height=\"187\" src=\"https:\/\/ks-zdole.si\/wp-content\/uploads\/2023\/09\/scan.2_1.jpg\" alt=\"\" class=\"wp-image-2585 size-full\"\/><\/figure><div class=\"wp-block-media-text__content\">\n<p>Prvi september 1951 je pomemben datum za rojstvo gasilstva v Zdolah. Takrat je bila v ob\u010dinski pisarni ustanovljena Prostovoljna gasilska desetina. Na sestanku so bili prisotni: Rudi Cernoga (Zdole), Jo\u017ee Kro\u0161elj (Zdole), Alojz Omerzu (Zdole), Branko Soba (Zdole), Anton Topli\u0161ek (Ravne), Jo\u017ee Vodopivec (Pleterje), Jo\u017ee \u017dajbej (Zdole) in Anton \u017divi\u010d (Ravne).<\/p>\n<\/div><\/div>\n\n\n\n<div style=\"height:30px\" aria-hidden=\"true\" class=\"wp-block-spacer\"><\/div>\n\n\n\n<p>Njihove prve naloge so vklju\u010devale pridobivanje novih \u010dlanov ter zbiranje sredstev in prispevkov za delovanje. Upravni in nadzorni odbor sta pri nadaljnjem delu podpirala Okrajna gasilska zveza Kr\u0161ko, saj v kraju ni bilo gasilske tradicije niti ustrezne gasilske opreme. Kljub temu pa so se \u010dlani prve desetine izkazali s svojo mo\u010dno voljo in iznajdljivostjo. Prvi po\u017ear so uspe\u0161no pogasili s pomo\u010djo samonarejene brenta\u010de, ki so jo izdelali, in s to opremo so pomagali pri gasenju po\u017eara pri Fridlu.<\/p>\n\n\n\n<p>V procesu pridobivanja izku\u0161enj so se \u010dlani dru\u0161tva povezovali z gasilci iz Vidma. Leta 1956 so izvedli zelo uspe\u0161no vajo v sodelovanju z njimi. Istega leta so skupaj z videmskimi gasilci pripravili vajo, kjer so sodelovali tudi mladi \u010dlani, in uspe\u0161no pogasili po\u017ear s peno. To je pripomoglo k pove\u010danju \u0161tevila gasilcev.<\/p>\n\n\n\n<p>Leta 1958 je dru\u0161tvo pridobilo svoje prve izpra\u0161ane gasilce, in leta 1959 so nadaljevali svoje delo pod okriljem PGD Videm kot Po\u017earno-varstvena desetina Zdole. Leta 1960 je pri\u0161lo do dveh velikih po\u017earov, ki sta se razplamtela na Zdolah. Pri ga\u0161enju so sodelovali prostovoljni gasilci iz Vidma in gasilci iz Kr\u0161kega.<\/p>\n\n\n\n<p><\/p>\n\n\n\n<div class=\"wp-block-media-text is-stacked-on-mobile\"><figure class=\"wp-block-media-text__media\"><img loading=\"lazy\" decoding=\"async\" width=\"560\" height=\"583\" src=\"https:\/\/ks-zdole.si\/wp-content\/uploads\/2023\/09\/scan.9_1.jpg\" alt=\"\" class=\"wp-image-2589 size-full\" srcset=\"https:\/\/ks-zdole.si\/wp-content\/uploads\/2023\/09\/scan.9_1.jpg 560w, https:\/\/ks-zdole.si\/wp-content\/uploads\/2023\/09\/scan.9_1-288x300.jpg 288w\" sizes=\"auto, (max-width: 560px) 100vw, 560px\" \/><\/figure><div class=\"wp-block-media-text__content\">\n<p>Leta 1965 so se zdolski gasilci povezali z Gasilskim dru\u0161tvom Kr\u0161ko in postali enota Zdole. V istem letu so pridobili 200-litrsko motorno brizgalno Tomos in cevi, kar je predstavljalo velik napredek za zdolske gasilce in krajevno skupnost. Pri tem jim je pomagala tudi Ob\u010dinska gasilska zveza Kr\u0161ko. \u0160tiri leta kasneje so kupili brizgalno Jadran 400.<\/p>\n\n\n\n<p>Izobra\u017eevanje je ostalo pomembno tudi v naslednjih letih. Leta 1970 je \u0161est \u010dlanov opravilo izpit za izpra\u0161ane gasilce, med njimi devet \u010dlanov iz Raven. Zdole so pridobile tudi svojega prvega gasilskega pod\u010dastnika. Dru\u0161tvo je la\u017eje opravljalo svoje naloge po letu 1973, ko so pridobili avtomobil kombi 1600 B IMV Novo mesto, pri \u010demer je pomagala Zavarovalnica Sava iz Kr\u0161kega.<\/p>\n<\/div><\/div>\n\n\n\n<div style=\"height:30px\" aria-hidden=\"true\" class=\"wp-block-spacer\"><\/div>\n\n\n\n<p><\/p>\n\n\n\n<div class=\"wp-block-media-text has-media-on-the-right is-stacked-on-mobile\"><div class=\"wp-block-media-text__content\">\n<p>Dru\u0161tvo je vse od svoje ustanovitve sodelovalo s pionirji, mladinci in \u010dlani na ob\u010dinskih gasilskih tekmovanjih. Aktivno je sodelovala tudi \u017eenska desetina, kar pri\u010dajo pokali in priznanja v na\u0161i vitrini. <\/p>\n\n\n\n<p>Ponosni smo na prapor, ki smo ga razvili leta 1974, a ob 60-letnici dru\u0161tva smo razvili novega. Prvotni prapor bomo s spo\u0161tovanjem shranili v arhiv PGD Zdole. Prav tako se ponosimo z velikim \u0161tevilom izobra\u017eenih \u010dlanov v preteklosti, saj smo pred 30 leti imeli 15 gasilskih pod\u010dastnikov, med njimi devet \u017eensk in dva gasilska \u010dastnika 1. stopnje.<\/p>\n\n\n\n<p>Kmalu po slovenski osamosvojitvi leta 1994 so se za\u010dele priprave na gradnjo novega gasilskega doma na Zdolah. Gradnja se je pri\u010dela dve leti kasneje, zgrajen pa je bil leta 1998. Potrebna so bila \u0161e mnoga dela, da smo leta 2001 dobili nov in sodoben objekt. Od takrat ima dru\u0161tvo tudi 5000 litrsko avtocisterno in vozilo Renault Trafic.<\/p>\n<\/div><figure class=\"wp-block-media-text__media\"><img loading=\"lazy\" decoding=\"async\" width=\"567\" height=\"584\" src=\"https:\/\/ks-zdole.si\/wp-content\/uploads\/2023\/09\/scan.9_2.jpg\" alt=\"\" class=\"wp-image-2600 size-full\" srcset=\"https:\/\/ks-zdole.si\/wp-content\/uploads\/2023\/09\/scan.9_2.jpg 567w, https:\/\/ks-zdole.si\/wp-content\/uploads\/2023\/09\/scan.9_2-291x300.jpg 291w\" sizes=\"auto, (max-width: 567px) 100vw, 567px\" \/><\/figure><\/div>\n\n\n\n<p><\/p>\n\n\n\n<p>Leta 2009 smo pridobili novo kombi vozilo Citroen in nov agregat, hkrati pa nismo pozabili na opremo za \u010dlanstvo. Ob 60-letnici dru\u0161tva razpolagamo s 32 sve\u010danimi in 35 delovnimi oblekami, 15 za\u0161\u010ditnimi kombinezoni, tremi ognjevarnimi oblekami in drugo za\u0161\u010ditno opremo.<\/p>\n\n\n<div class=\"wp-block-image\">\n<figure class=\"aligncenter size-large\"><img loading=\"lazy\" decoding=\"async\" width=\"1024\" height=\"526\" src=\"https:\/\/ks-zdole.si\/wp-content\/uploads\/2023\/09\/scan.10-1024x526.jpg\" alt=\"\" class=\"wp-image-2606\" srcset=\"https:\/\/ks-zdole.si\/wp-content\/uploads\/2023\/09\/scan.10-1024x526.jpg 1024w, https:\/\/ks-zdole.si\/wp-content\/uploads\/2023\/09\/scan.10-600x308.jpg 600w, https:\/\/ks-zdole.si\/wp-content\/uploads\/2023\/09\/scan.10-300x154.jpg 300w, https:\/\/ks-zdole.si\/wp-content\/uploads\/2023\/09\/scan.10-768x395.jpg 768w, https:\/\/ks-zdole.si\/wp-content\/uploads\/2023\/09\/scan.10.jpg 1154w\" sizes=\"auto, (max-width: 1024px) 100vw, 1024px\" \/><\/figure>\n<\/div>\n\n\n<div style=\"height:30px\" aria-hidden=\"true\" class=\"wp-block-spacer\"><\/div>\n\n\n\n<p>Za uspe\u0161no vodenje intervencij smo opremili sobo za poveljevanje in gara\u017eo, medtem ko je dvorana v zgornjih prostorih moderno opremljena in omogo\u010da izobra\u017eevalna sre\u010danja gasilcev ter drugih dru\u0161tev iz Krajevne skupnosti Zdole.<\/p>\n\n\n\n<p>O svojem bogatem delovanju vodi PGD Zdole kroniko, ki je opremljena s \u0161tevilnimi fotografijami. Iz nje razberemo, da so se uspe\u0161no spopadali tudi z zahtevnimi po\u017eari. Gotovo je to razlog, zakaj so krajani gasilcem vedno zaupali in bili pripravljeni sodelovati pri razli\u010dnih aktivnostih. Zdolski gasilci se ob vsem dose\u017eenem ne ustavljajo, saj dobro vedo, da bodo uspe\u0161ni, \u010de bodo nenehno posodabljali svojo opremo in hkrati vzgajali in u\u010dili prihajajo\u010de generacije mladih ter \u0161irili pozitivno gasilsko miselnost.<\/p>\n\n\n\n<div style=\"height:30px\" aria-hidden=\"true\" class=\"wp-block-spacer\"><\/div>\n\n\n<div class=\"wp-block-image\">\n<figure class=\"aligncenter size-full\"><img loading=\"lazy\" decoding=\"async\" width=\"900\" height=\"594\" src=\"https:\/\/ks-zdole.si\/wp-content\/uploads\/2023\/03\/gasilci_img1.jpg\" alt=\"\" class=\"wp-image-453\" srcset=\"https:\/\/ks-zdole.si\/wp-content\/uploads\/2023\/03\/gasilci_img1.jpg 900w, https:\/\/ks-zdole.si\/wp-content\/uploads\/2023\/03\/gasilci_img1-600x396.jpg 600w, https:\/\/ks-zdole.si\/wp-content\/uploads\/2023\/03\/gasilci_img1-300x198.jpg 300w, https:\/\/ks-zdole.si\/wp-content\/uploads\/2023\/03\/gasilci_img1-768x507.jpg 768w\" sizes=\"auto, (max-width: 900px) 100vw, 900px\" \/><\/figure>\n<\/div>\n\n\n<div style=\"height:30px\" aria-hidden=\"true\" class=\"wp-block-spacer\"><\/div>\n\n\n\n<p>V preteklih desetletjih se je na\u0161e dru\u0161tvo razvijalo v skladu z dru\u017ebenimi spremembami in potrebami okolja glede varovanja ljudi, kraja in njegove okolice pred po\u017eari in naravnimi nesre\u010dami. Bili smo primorani slediti hitremu tempu \u017eivljenja in neprestanim tehnolo\u0161kim napredkom. Hkrati smo se prilagajali potrebam krajevne skupnosti in se vklju\u010devali v razli\u010dne dru\u017ebene dejavnosti.<\/p>\n\n\n\n<p>Zdolski gasilci smo lahko upravi\u010deno ponosni na na\u0161e predhodnike in na pot, ki smo jo prehodili do sedaj. Skozi vsa ta leta so \u010dlanice in \u010dlani dru\u0161tva, mladina in podmladek sodelovali tako pri razli\u010dnih izobra\u017eevanjih kot tudi tekmovanjih. Posebej smo ponosni na na\u0161e tesno sodelovanje s sosednjimi gasilskimi dru\u0161tvi, kot so Dolenja vas, Videm, Kr\u0161ko, Gora, Krite, Spodnja Pohanca in Sromlje. S tem smo gradili dragoceno vrednoto dobrososedskih odnosov, za kar smo jim zdolski gasilci nadvse hvale\u017eni.<\/p>\n\n\n\n<blockquote class=\"wp-block-quote is-layout-flow wp-block-quote-is-layout-flow\">\n<p><\/p>\n<cite>Ve\u010d kot pol stoletja aktivnosti dru\u0161tva predstavlja pomembno obdobje zavezni\u0161tva z humanitarnim delom. Dru\u0161tvo se je za\u010delo razvijati v skromnih prostorih, kjer niti niso imeli lastnih objektov. Oprema je bila skromna, pogosto \u017ee rabljena. Za\u010detniki in ustanovitelji dru\u0161tva so morali z veliko vnemo pridobivati opremo, iskati primerne prostore ter privabljati mlade in aktivne \u010dlane. Razumevanje je bilo, da nalog ni mogo\u010de re\u0161evati vse naenkrat, zato je bil postopen razvoj edina razumljiva pot. Nakup novega gasilskega vozila in motorne brizgalne je bil zelo pomemben dose\u017eek. Prav tako so bili uspe\u0161ni pri pridobivanju in usposabljanju \u010dlanstva. Ustanovni \u010dlani so postopoma prena\u0161ali odgovorne naloge na mlaj\u0161e generacije, ki so \u010dutile najve\u010djo potrebo po ustrezni infrastrukturi. Sodelovanje med Krajevno skupnostjo Zdole in <br><br>PGD Zdole je prineslo naslednji pomemben korak. Ob veliki podpori Gasilske zveze Kr\u0161ko je dru\u0161tvo pridobilo moderen, prakti\u010den in vsestransko uporaben gasilski dom. Sledili so \u0161e nakup avtocisterne, novega kombija in nabava za\u0161\u010ditne opreme. Dru\u0161tvo je tudi skrbno poskrbelo za izobra\u017eevanje svojih \u010dlanov, pridobili so ve\u010d gasilskih \u010dastnikov in ni\u017ejih gasilskih \u010dastnikov. Poskrbeli so tudi za usposabljanje vseh operativnih \u010dlanov in mladih, kar potrjujejo njihovi odli\u010dni dose\u017eki na gasilskih tekmovanjih. Iskreno \u010destitam PGD Zdole za dose\u017eene uspehe.  <br><br>Predsednik Gasilske zveze Kr\u0161ko Avgust Mlakar<\/cite><\/blockquote>\n","protected":false},"excerpt":{"rendered":"<p>Prvi september 1951 je pomemben datum za rojstvo gasilstva v Zdolah. Takrat je bila v ob\u010dinski pisarni ustanovljena Prostovoljna gasilska desetina. Na sestanku so bili prisotni: Rudi Cernoga (Zdole), Jo\u017ee Kro\u0161elj (Zdole), Alojz Omerzu (Zdole), Branko Soba (Zdole), Anton Topli\u0161ek (Ravne), Jo\u017ee Vodopivec (Pleterje), Jo\u017ee \u017dajbej (Zdole) in Anton \u017divi\u010d (Ravne). Njihove prve naloge so [&hellip;]<\/p>\n","protected":false},"author":1,"featured_media":0,"parent":0,"menu_order":0,"comment_status":"closed","ping_status":"closed","template":"","meta":{"_mc_calendar":[],"footnotes":""},"class_list":["post-2584","page","type-page","status-publish","hentry"],"yoast_head":"<!-- This site is optimized with the Yoast SEO plugin v27.5 - https:\/\/yoast.com\/product\/yoast-seo-wordpress\/ -->\n<title>PGD ZDOLE - ZGODOVINA - KS - ZDOLE<\/title>\n<meta name=\"robots\" content=\"index, follow, max-snippet:-1, max-image-preview:large, max-video-preview:-1\" \/>\n<link rel=\"canonical\" href=\"https:\/\/ks-zdole.si\/index.php\/pgd-zdole-zgodovina\/\" \/>\n<meta property=\"og:locale\" content=\"sl_SI\" \/>\n<meta property=\"og:type\" content=\"article\" \/>\n<meta property=\"og:title\" content=\"PGD ZDOLE - ZGODOVINA - KS - ZDOLE\" \/>\n<meta property=\"og:description\" content=\"Prvi september 1951 je pomemben datum za rojstvo gasilstva v Zdolah. Takrat je bila v ob\u010dinski pisarni ustanovljena Prostovoljna gasilska desetina. Na sestanku so bili prisotni: Rudi Cernoga (Zdole), Jo\u017ee Kro\u0161elj (Zdole), Alojz Omerzu (Zdole), Branko Soba (Zdole), Anton Topli\u0161ek (Ravne), Jo\u017ee Vodopivec (Pleterje), Jo\u017ee \u017dajbej (Zdole) in Anton \u017divi\u010d (Ravne). Njihove prve naloge so [&hellip;]\" \/>\n<meta property=\"og:url\" content=\"https:\/\/ks-zdole.si\/index.php\/pgd-zdole-zgodovina\/\" \/>\n<meta property=\"og:site_name\" content=\"KS - ZDOLE\" \/>\n<meta property=\"article:modified_time\" content=\"2023-11-12T21:24:53+00:00\" \/>\n<meta property=\"og:image\" content=\"https:\/\/ks-zdole.si\/wp-content\/uploads\/2023\/09\/scan.2_1.jpg\" \/>\n<meta name=\"twitter:card\" content=\"summary_large_image\" \/>\n<meta name=\"twitter:label1\" content=\"Est. reading time\" \/>\n\t<meta name=\"twitter:data1\" content=\"5 minut\" \/>\n<script type=\"application\/ld+json\" class=\"yoast-schema-graph\">{\"@context\":\"https:\\\/\\\/schema.org\",\"@graph\":[{\"@type\":\"WebPage\",\"@id\":\"https:\\\/\\\/ks-zdole.si\\\/index.php\\\/pgd-zdole-zgodovina\\\/\",\"url\":\"https:\\\/\\\/ks-zdole.si\\\/index.php\\\/pgd-zdole-zgodovina\\\/\",\"name\":\"PGD ZDOLE - ZGODOVINA - KS - ZDOLE\",\"isPartOf\":{\"@id\":\"https:\\\/\\\/ks-zdole.si\\\/#website\"},\"primaryImageOfPage\":{\"@id\":\"https:\\\/\\\/ks-zdole.si\\\/index.php\\\/pgd-zdole-zgodovina\\\/#primaryimage\"},\"image\":{\"@id\":\"https:\\\/\\\/ks-zdole.si\\\/index.php\\\/pgd-zdole-zgodovina\\\/#primaryimage\"},\"thumbnailUrl\":\"https:\\\/\\\/ks-zdole.si\\\/wp-content\\\/uploads\\\/2023\\\/09\\\/scan.2_1.jpg\",\"datePublished\":\"2023-09-23T17:45:46+00:00\",\"dateModified\":\"2023-11-12T21:24:53+00:00\",\"breadcrumb\":{\"@id\":\"https:\\\/\\\/ks-zdole.si\\\/index.php\\\/pgd-zdole-zgodovina\\\/#breadcrumb\"},\"inLanguage\":\"sl-SI\",\"potentialAction\":[{\"@type\":\"ReadAction\",\"target\":[\"https:\\\/\\\/ks-zdole.si\\\/index.php\\\/pgd-zdole-zgodovina\\\/\"]}]},{\"@type\":\"ImageObject\",\"inLanguage\":\"sl-SI\",\"@id\":\"https:\\\/\\\/ks-zdole.si\\\/index.php\\\/pgd-zdole-zgodovina\\\/#primaryimage\",\"url\":\"https:\\\/\\\/ks-zdole.si\\\/wp-content\\\/uploads\\\/2023\\\/09\\\/scan.2_1.jpg\",\"contentUrl\":\"https:\\\/\\\/ks-zdole.si\\\/wp-content\\\/uploads\\\/2023\\\/09\\\/scan.2_1.jpg\",\"width\":290,\"height\":187},{\"@type\":\"BreadcrumbList\",\"@id\":\"https:\\\/\\\/ks-zdole.si\\\/index.php\\\/pgd-zdole-zgodovina\\\/#breadcrumb\",\"itemListElement\":[{\"@type\":\"ListItem\",\"position\":1,\"name\":\"Home\",\"item\":\"https:\\\/\\\/ks-zdole.si\\\/\"},{\"@type\":\"ListItem\",\"position\":2,\"name\":\"PGD ZDOLE &#8211; ZGODOVINA\"}]},{\"@type\":\"WebSite\",\"@id\":\"https:\\\/\\\/ks-zdole.si\\\/#website\",\"url\":\"https:\\\/\\\/ks-zdole.si\\\/\",\"name\":\"KS - ZDOLE\",\"description\":\"Zdole, lu\u010d sveta!\",\"publisher\":{\"@id\":\"https:\\\/\\\/ks-zdole.si\\\/#organization\"},\"potentialAction\":[{\"@type\":\"SearchAction\",\"target\":{\"@type\":\"EntryPoint\",\"urlTemplate\":\"https:\\\/\\\/ks-zdole.si\\\/?s={search_term_string}\"},\"query-input\":{\"@type\":\"PropertyValueSpecification\",\"valueRequired\":true,\"valueName\":\"search_term_string\"}}],\"inLanguage\":\"sl-SI\"},{\"@type\":\"Organization\",\"@id\":\"https:\\\/\\\/ks-zdole.si\\\/#organization\",\"name\":\"KS - ZDOLE\",\"url\":\"https:\\\/\\\/ks-zdole.si\\\/\",\"logo\":{\"@type\":\"ImageObject\",\"inLanguage\":\"sl-SI\",\"@id\":\"https:\\\/\\\/ks-zdole.si\\\/#\\\/schema\\\/logo\\\/image\\\/\",\"url\":\"https:\\\/\\\/ks-zdole.si\\\/wp-content\\\/uploads\\\/2024\\\/04\\\/grb_zdole_150.png\",\"contentUrl\":\"https:\\\/\\\/ks-zdole.si\\\/wp-content\\\/uploads\\\/2024\\\/04\\\/grb_zdole_150.png\",\"width\":150,\"height\":184,\"caption\":\"KS - ZDOLE\"},\"image\":{\"@id\":\"https:\\\/\\\/ks-zdole.si\\\/#\\\/schema\\\/logo\\\/image\\\/\"}}]}<\/script>\n<!-- \/ Yoast SEO plugin. -->","yoast_head_json":{"title":"PGD ZDOLE - ZGODOVINA - KS - ZDOLE","robots":{"index":"index","follow":"follow","max-snippet":"max-snippet:-1","max-image-preview":"max-image-preview:large","max-video-preview":"max-video-preview:-1"},"canonical":"https:\/\/ks-zdole.si\/index.php\/pgd-zdole-zgodovina\/","og_locale":"sl_SI","og_type":"article","og_title":"PGD ZDOLE - ZGODOVINA - KS - ZDOLE","og_description":"Prvi september 1951 je pomemben datum za rojstvo gasilstva v Zdolah. Takrat je bila v ob\u010dinski pisarni ustanovljena Prostovoljna gasilska desetina. Na sestanku so bili prisotni: Rudi Cernoga (Zdole), Jo\u017ee Kro\u0161elj (Zdole), Alojz Omerzu (Zdole), Branko Soba (Zdole), Anton Topli\u0161ek (Ravne), Jo\u017ee Vodopivec (Pleterje), Jo\u017ee \u017dajbej (Zdole) in Anton \u017divi\u010d (Ravne). Njihove prve naloge so [&hellip;]","og_url":"https:\/\/ks-zdole.si\/index.php\/pgd-zdole-zgodovina\/","og_site_name":"KS - ZDOLE","article_modified_time":"2023-11-12T21:24:53+00:00","og_image":[{"url":"https:\/\/ks-zdole.si\/wp-content\/uploads\/2023\/09\/scan.2_1.jpg","type":"","width":"","height":""}],"twitter_card":"summary_large_image","twitter_misc":{"Est. reading time":"5 minut"},"schema":{"@context":"https:\/\/schema.org","@graph":[{"@type":"WebPage","@id":"https:\/\/ks-zdole.si\/index.php\/pgd-zdole-zgodovina\/","url":"https:\/\/ks-zdole.si\/index.php\/pgd-zdole-zgodovina\/","name":"PGD ZDOLE - ZGODOVINA - KS - ZDOLE","isPartOf":{"@id":"https:\/\/ks-zdole.si\/#website"},"primaryImageOfPage":{"@id":"https:\/\/ks-zdole.si\/index.php\/pgd-zdole-zgodovina\/#primaryimage"},"image":{"@id":"https:\/\/ks-zdole.si\/index.php\/pgd-zdole-zgodovina\/#primaryimage"},"thumbnailUrl":"https:\/\/ks-zdole.si\/wp-content\/uploads\/2023\/09\/scan.2_1.jpg","datePublished":"2023-09-23T17:45:46+00:00","dateModified":"2023-11-12T21:24:53+00:00","breadcrumb":{"@id":"https:\/\/ks-zdole.si\/index.php\/pgd-zdole-zgodovina\/#breadcrumb"},"inLanguage":"sl-SI","potentialAction":[{"@type":"ReadAction","target":["https:\/\/ks-zdole.si\/index.php\/pgd-zdole-zgodovina\/"]}]},{"@type":"ImageObject","inLanguage":"sl-SI","@id":"https:\/\/ks-zdole.si\/index.php\/pgd-zdole-zgodovina\/#primaryimage","url":"https:\/\/ks-zdole.si\/wp-content\/uploads\/2023\/09\/scan.2_1.jpg","contentUrl":"https:\/\/ks-zdole.si\/wp-content\/uploads\/2023\/09\/scan.2_1.jpg","width":290,"height":187},{"@type":"BreadcrumbList","@id":"https:\/\/ks-zdole.si\/index.php\/pgd-zdole-zgodovina\/#breadcrumb","itemListElement":[{"@type":"ListItem","position":1,"name":"Home","item":"https:\/\/ks-zdole.si\/"},{"@type":"ListItem","position":2,"name":"PGD ZDOLE &#8211; ZGODOVINA"}]},{"@type":"WebSite","@id":"https:\/\/ks-zdole.si\/#website","url":"https:\/\/ks-zdole.si\/","name":"KS - ZDOLE","description":"Zdole, lu\u010d sveta!","publisher":{"@id":"https:\/\/ks-zdole.si\/#organization"},"potentialAction":[{"@type":"SearchAction","target":{"@type":"EntryPoint","urlTemplate":"https:\/\/ks-zdole.si\/?s={search_term_string}"},"query-input":{"@type":"PropertyValueSpecification","valueRequired":true,"valueName":"search_term_string"}}],"inLanguage":"sl-SI"},{"@type":"Organization","@id":"https:\/\/ks-zdole.si\/#organization","name":"KS - ZDOLE","url":"https:\/\/ks-zdole.si\/","logo":{"@type":"ImageObject","inLanguage":"sl-SI","@id":"https:\/\/ks-zdole.si\/#\/schema\/logo\/image\/","url":"https:\/\/ks-zdole.si\/wp-content\/uploads\/2024\/04\/grb_zdole_150.png","contentUrl":"https:\/\/ks-zdole.si\/wp-content\/uploads\/2024\/04\/grb_zdole_150.png","width":150,"height":184,"caption":"KS - ZDOLE"},"image":{"@id":"https:\/\/ks-zdole.si\/#\/schema\/logo\/image\/"}}]}},"_links":{"self":[{"href":"https:\/\/ks-zdole.si\/index.php\/wp-json\/wp\/v2\/pages\/2584","targetHints":{"allow":["GET"]}}],"collection":[{"href":"https:\/\/ks-zdole.si\/index.php\/wp-json\/wp\/v2\/pages"}],"about":[{"href":"https:\/\/ks-zdole.si\/index.php\/wp-json\/wp\/v2\/types\/page"}],"author":[{"embeddable":true,"href":"https:\/\/ks-zdole.si\/index.php\/wp-json\/wp\/v2\/users\/1"}],"replies":[{"embeddable":true,"href":"https:\/\/ks-zdole.si\/index.php\/wp-json\/wp\/v2\/comments?post=2584"}],"version-history":[{"count":33,"href":"https:\/\/ks-zdole.si\/index.php\/wp-json\/wp\/v2\/pages\/2584\/revisions"}],"predecessor-version":[{"id":3424,"href":"https:\/\/ks-zdole.si\/index.php\/wp-json\/wp\/v2\/pages\/2584\/revisions\/3424"}],"wp:attachment":[{"href":"https:\/\/ks-zdole.si\/index.php\/wp-json\/wp\/v2\/media?parent=2584"}],"curies":[{"name":"wp","href":"https:\/\/api.w.org\/{rel}","templated":true}]}}