
{"id":1329,"date":"2023-07-11T14:11:40","date_gmt":"2023-07-11T13:11:40","guid":{"rendered":"https:\/\/ks-zdole.si\/?page_id=1329"},"modified":"2024-03-02T16:48:01","modified_gmt":"2024-03-02T15:48:01","slug":"predstavitev","status":"publish","type":"page","link":"https:\/\/ks-zdole.si\/index.php\/predstavitev\/","title":{"rendered":"ZDOLE &#8211; ZGODOVINA"},"content":{"rendered":"\n<figure class=\"wp-block-image size-large\"><img loading=\"lazy\" decoding=\"async\" width=\"1024\" height=\"384\" src=\"https:\/\/ks-zdole.si\/wp-content\/uploads\/2023\/03\/cropped-zdole3-1024x384.jpg\" alt=\"\" class=\"wp-image-495\" srcset=\"https:\/\/ks-zdole.si\/wp-content\/uploads\/2023\/03\/cropped-zdole3-1024x384.jpg 1024w, https:\/\/ks-zdole.si\/wp-content\/uploads\/2023\/03\/cropped-zdole3-600x225.jpg 600w, https:\/\/ks-zdole.si\/wp-content\/uploads\/2023\/03\/cropped-zdole3-300x113.jpg 300w, https:\/\/ks-zdole.si\/wp-content\/uploads\/2023\/03\/cropped-zdole3-768x288.jpg 768w, https:\/\/ks-zdole.si\/wp-content\/uploads\/2023\/03\/cropped-zdole3-1536x576.jpg 1536w, https:\/\/ks-zdole.si\/wp-content\/uploads\/2023\/03\/cropped-zdole3.jpg 1600w\" sizes=\"auto, (max-width: 1024px) 100vw, 1024px\" \/><\/figure>\n\n\n\n<div style=\"height:30px\" aria-hidden=\"true\" class=\"wp-block-spacer\"><\/div>\n\n\n\n<p>V zadnjih desetletjih Avstro-Ogrske so v na\u0161ih krajih delovali avstrijski arheologi, ki so na\u0161li precej materialnih ostankov iz \u010dasa prazgodovine in antike, a jih vse odpeljali v Gradec ali na Dunaj, kjer so danes v muzejskih depojih. Materialne ostanke prisotnosti \u010dloveka v kovinskih dobah so na\u0161li v \u0160apolah in Kostanjku. \u0160lo je za ostanke naselja, gomilo, \u017elindro.<\/p>\n\n\n\n<p>V Kostanjku so na\u0161li grob rimskega vojaka, na Lokah kamen z rimskim napisom. V ustnem izro\u010dilu se je do 18. stoletja omenjal rimski kamnolom v Kostanjku.<\/p>\n\n\n\n<p>V 3. stoletju je v Zgornji Pohanci deloval mitrej.<\/p>\n\n\n\n<p>Zdole so verjetno obstajale \u017ee okoli leta 1000, saj je to obmo\u010dje najverjetneje bilo zajeto \u017ee v zgodnji srednjeve\u0161ki kolonizaciji. To dokazujejo topografska imena, ki se nana\u0161ajo na relief, vodne vire in rastlinstvo (Ravne, Zdole, Gora, Loke, Kostanjek, Pe\u010dice, Vrh, Poto\u010de). Naselja so nastala ve\u010dinoma na slemenih; v dolinah so naselja mlaj\u0161a in zrastejo iz posameznih doma\u010dij. Le Anovec, Loke, Kostanjek (Vas) in jedro Zdol imajo gru\u010dasto zasnovo.<\/p>\n\n\n\n<p>V 11. in 12. stoletju so potekali voja\u0161ki vpadi iz Ogrske, zato je na\u0161e ozemlje prebivalstveno opustelo.<\/p>\n\n\n\n<p>Leta 1043 prejme Rajhenburg v last salzbur\u0161ka nad\u0161kofija, leta 1155 nastane videmska pra\u017eupnija. V obeh primerih je vklju\u010deno tudi obmo\u010dje Zdol. V drugi polovici 12. stoletja ter v 13. stoletju salzbur\u0161ki \u0161kofje na tem obmo\u010dju vodijo na\u010drtno in obse\u017eno kolonizacijo opustelega prostora. Nastanejo naselja in zna\u010dilna razdrobljena poljska razdelitev. Med kolonisti prevladujejo Slovani, vmes pa so bili tudi posamezni nem\u0161ki vitezi iz Koro\u0161ke. Lahko tako razlo\u017eimo prisotnost nekaterih priimkov nem\u0161kega izvora, kot so Ro\u017eman, Kolman, \u0160pende, \u0160piler, Kink, Jagri\u010d? Zaradi potreb po voja\u0161ki pomo\u010di so salzbur\u0161ki \u0161kofje Zdole podelili v posest Rajnbertu iz Cmureka. Ta je kmalu umrl, zato leta 1249 Zdole zopet pridejo pod salzbur\u0161ko posest. V zvezi s tem se Zdole prvi\u010d pisno omenijo kot Villa in Monte suppani Sancti Georgii \/ Vas na hribu svetega Jurija. Leta 1268 salzbur\u0161ki \u0161kofje v Bre\u017eicah organizirajo svoj de\u017eelnokne\u017eji okraj, pod katerega spadajo tudi Zdole s svojo okolico. To pomeni, da so zdolski kmetje fevdalne dajatve odvajali v Bre\u017eice. Leta 1309 salzbur\u0161ki \u0161kofje za svojo posest izdajo enega najstarej\u0161ih urbarjev, ki se nana\u0161ajo na slovensko ozemlje. V njem se prvi\u010d omenjajo naselja Kostanjek, Anovec, Loke, Ravne, Pleterje, Pohanca.<\/p>\n\n\n\n<p>Salzbur\u0161ka uprava leta 1322 izda nov urbar, ki ka\u017ee na nekoliko ve\u010djo obljudenost glede na leto 1309. Fevdalne obveznosti kmetov, ki so prvi\u010d zapisane v urbarju, se ohranijo do leta 1848.<\/p>\n\n\n\n<p>V 16. stoletju morajo Zdolani kot kazen zaradi uporni\u0161tva graditi Puntarsko pot, in sicer v smer proti Bre\u017eicam, kjer je bila njihova fevdalna uprava.<\/p>\n\n\n\n<p>Okoli leta 1710 naj bi se na Zdolah na mestu dotedanje kapele za\u010dela graditi cerkev svetega Jurija.<\/p>\n\n\n\n<p>Po letu 1780 po reformah Jo\u017eefa II. veliko videmsko pra\u017eupnijo razdelijo, s \u010dimer Zdole leta 1789 postanejo samostojna \u017eupnija, a popolna \u017eupnijska samostojnost obstaja \u0161ele od leta 1874. Od leta 2005 Zdole nimajo ve\u010d svojega \u017eupnika.<\/p>\n\n\n\n<p>Po zemlji\u0161ki odvezi se za\u010denja razslojevanje kme\u010dkega stanu, po\u010dasen napredek v kmetijstvu ter stalna prebivalstvena rast. Najve\u010dje \u0161tevilo prebivalcev ozemlja dana\u0161nje krajevne skupnosti je bilo zabele\u017eeno leta 1900, in sicer 1123, kar je bila ve\u010d kot podvojena \u0161tevilka glede na 100 let prej.<\/p>\n\n\n\n<p>Leta 1854 je bila ustanovljena ob\u010dina Pleterje, ki je imela sede\u017e na Zdolah. Ukinjena je bila leta 1952.<\/p>\n\n\n\n<p>Leta 1862 zgradijo zdolsko \u0161olo. V popolni obliki je delovala do leta 1963, kot podru\u017eni\u010dna pa do leta 1972. \u0160ola je poleg rednega pouka skrbela za cepljenje sadnega drevja in vinske trte, kasneje pa je veliko prispevala h kulturnemu utripu kraja.<\/p>\n\n\n\n<p>Med prvo svetovno vojno so na frontah padli tudi nekateri zdolski fantje.<\/p>\n\n\n\n<p>Leta 1939 na Zdolah zasveti prva elektri\u010dna \u017earnica, do mno\u017ei\u010dne elektrifikacije gospodinjstev pride skoraj 20 let kasneje.<\/p>\n\n\n\n<p>Med drugo svetovno vojno je Zdolam grozila izselitev, do katere ni pri\u0161lo, so se pa na Zdole pred izselitvijo zatekle nekatere dru\u017eine od drugod. Nemci so prisilno mobilizirali zelo veliko mladih fantov. Nem\u0161ka upravna postaja je bila v \u017eupni\u0161\u010du. Nemci so vzpostavili prvi telefonski priklju\u010dek na Zdolah. Vojna je med doma\u010dini vzela veliko krvnega davka.<\/p>\n\n\n\n<p>Takoj po drugi svetovni vojni so ljudje \u010dutili spremembe, ki jih je prinesla nova oblast. Velikih kmetij zaradi zemlji\u0161kega maksimuma in nacionalizacije ni bilo ve\u010d, svobodno podjetni\u0161tvo je bilo omejeno, verouk je bil postopoma izklju\u010den iz \u0161ole. Tudi na pode\u017eelje pride mehanizacija in motorizacija.<\/p>\n\n\n\n<p>Po drugi svetovni vojni se je za\u010dela industrializacija v Kr\u0161kem. V mestu so za\u010deli rasti tudi stanovanjski bloki. Posledi\u010dno se je prebivalstvo Zdol za\u010delo hitro zmanj\u0161evati. Leta 1981 je na obmo\u010dju KS Zdole \u017eivelo 754 ljudi, kar je najmanj, od kar imamo \u0161tetja prebivalstva.<\/p>\n\n\n\n<div style=\"height:30px\" aria-hidden=\"true\" class=\"wp-block-spacer\"><\/div>\n\n\n<div class=\"wp-block-image\">\n<figure class=\"aligncenter size-full is-resized\"><img loading=\"lazy\" decoding=\"async\" width=\"513\" height=\"334\" src=\"https:\/\/ks-zdole.si\/wp-content\/uploads\/2023\/09\/zdole_zgodovina_1.jpg\" alt=\"\" class=\"wp-image-2808\" style=\"width:645px;height:420px\" srcset=\"https:\/\/ks-zdole.si\/wp-content\/uploads\/2023\/09\/zdole_zgodovina_1.jpg 513w, https:\/\/ks-zdole.si\/wp-content\/uploads\/2023\/09\/zdole_zgodovina_1-300x195.jpg 300w\" sizes=\"auto, (max-width: 513px) 100vw, 513px\" \/><\/figure>\n<\/div>\n\n\n<div style=\"height:30px\" aria-hidden=\"true\" class=\"wp-block-spacer\"><\/div>\n\n\n\n<p>V 50. letih 20. stoletja so krajani in mladinska delovna brigada ro\u010dno gradili cesto do Vidma. Leta 1974 so jo asfaltirali. V naslednjih dveh desetletjih so asfaltirali ve\u010dino ostalih cest.<\/p>\n\n\n\n<p>Leta 1968 se je na vodovod priklju\u010dilo ve\u010dina gospodinjstev.<\/p>\n\n\n\n<p>V 70. in 80. letih 20. stoletja se na pobudo mladincev prekine kulturno mrtvilo. Ustanovi se KUD Rudi Ro\u017eanc, v sklopu katerega delujejo razli\u010dne sekcije (me\u0161ani pevski zbor, mladinska kulturna skupina, knji\u017enica).<\/p>\n\n\n\n<p>V 80. letih 20. stoletja so se na Zdolah raz\u0161irili telefonski priklju\u010dki.<\/p>\n\n\n\n<p>Leta 1985 otvorijo obnovljeno nekdanjo \u0161olo kot ve\u010dnamenski dom Bena Zupan\u010di\u010da. V njem med drugim za\u010dne delovati otro\u0161ki vrtec, krajanom pa je na voljo kulturna dvorana.<\/p>\n\n\n\n<p>Leta 1999 so odprli nov ve\u010dnamenski dom na Zdolah, v katerem so med drugim \u017eivilska trgovina, gostinski lokal, po\u0161ta, gasilski dom, sejna soba.<\/p>\n\n\n\n<p>V \u010dasu samostojne Slovenije je v KS Zdole \u0161tevilo prebivalstva nenehno rastlo. V letu 2023 je prebivalcev KS Zdole 911 (SURS), kar ka\u017ee na dobre in vse bolj\u0161e bivalne razmere in priseljevanje.<\/p>\n\n\n\n<p>Ko na Zdolah ni ve\u010d \u0161ole, samostojne \u017eupnije niti drugih dr\u017eavnih ali ob\u010dinskih ustanov, so za kraj pomembna aktivna dru\u0161tva, in sicer Turisti\u010dno in hortikulturno dru\u0161tvo Zdole, Gasilsko dru\u0161tvo Zdole, Vinogradni\u0161ko dru\u0161tvo Zdole, \u0161portno dru\u0161tvo Zdole.<\/p>\n\n\n\n<p class=\"has-text-align-left has-small-font-size\">avtor: Bo\u0161tjan \u0160piler<\/p>\n\n\n\n<ul class=\"wp-block-list\"><\/ul>\n\n\n\n<div style=\"height:42px\" aria-hidden=\"true\" class=\"wp-block-spacer\"><\/div>\n\n\n\n<div style=\"height:42px\" aria-hidden=\"true\" class=\"wp-block-spacer\"><\/div>\n","protected":false},"excerpt":{"rendered":"<p>V zadnjih desetletjih Avstro-Ogrske so v na\u0161ih krajih delovali avstrijski arheologi, ki so na\u0161li precej materialnih ostankov iz \u010dasa prazgodovine in antike, a jih vse odpeljali v Gradec ali na Dunaj, kjer so danes v muzejskih depojih. Materialne ostanke prisotnosti \u010dloveka v kovinskih dobah so na\u0161li v \u0160apolah in Kostanjku. \u0160lo je za ostanke naselja, [&hellip;]<\/p>\n","protected":false},"author":1,"featured_media":0,"parent":0,"menu_order":0,"comment_status":"closed","ping_status":"closed","template":"","meta":{"_mc_calendar":[],"footnotes":""},"class_list":["post-1329","page","type-page","status-publish","hentry"],"yoast_head":"<!-- This site is optimized with the Yoast SEO plugin v27.5 - https:\/\/yoast.com\/product\/yoast-seo-wordpress\/ -->\n<title>ZDOLE - ZGODOVINA - KS - ZDOLE<\/title>\n<meta name=\"robots\" content=\"index, follow, max-snippet:-1, max-image-preview:large, max-video-preview:-1\" \/>\n<link rel=\"canonical\" href=\"https:\/\/ks-zdole.si\/index.php\/predstavitev\/\" \/>\n<meta property=\"og:locale\" content=\"sl_SI\" \/>\n<meta property=\"og:type\" content=\"article\" \/>\n<meta property=\"og:title\" content=\"ZDOLE - ZGODOVINA - KS - ZDOLE\" \/>\n<meta property=\"og:description\" content=\"V zadnjih desetletjih Avstro-Ogrske so v na\u0161ih krajih delovali avstrijski arheologi, ki so na\u0161li precej materialnih ostankov iz \u010dasa prazgodovine in antike, a jih vse odpeljali v Gradec ali na Dunaj, kjer so danes v muzejskih depojih. Materialne ostanke prisotnosti \u010dloveka v kovinskih dobah so na\u0161li v \u0160apolah in Kostanjku. \u0160lo je za ostanke naselja, [&hellip;]\" \/>\n<meta property=\"og:url\" content=\"https:\/\/ks-zdole.si\/index.php\/predstavitev\/\" \/>\n<meta property=\"og:site_name\" content=\"KS - ZDOLE\" \/>\n<meta property=\"article:modified_time\" content=\"2024-03-02T15:48:01+00:00\" \/>\n<meta property=\"og:image\" content=\"https:\/\/ks-zdole.si\/wp-content\/uploads\/2023\/03\/cropped-zdole3-1024x384.jpg\" \/>\n<meta name=\"twitter:card\" content=\"summary_large_image\" \/>\n<meta name=\"twitter:label1\" content=\"Est. reading time\" \/>\n\t<meta name=\"twitter:data1\" content=\"6 minut\" \/>\n<script type=\"application\/ld+json\" class=\"yoast-schema-graph\">{\"@context\":\"https:\\\/\\\/schema.org\",\"@graph\":[{\"@type\":\"WebPage\",\"@id\":\"https:\\\/\\\/ks-zdole.si\\\/index.php\\\/predstavitev\\\/\",\"url\":\"https:\\\/\\\/ks-zdole.si\\\/index.php\\\/predstavitev\\\/\",\"name\":\"ZDOLE - ZGODOVINA - KS - ZDOLE\",\"isPartOf\":{\"@id\":\"https:\\\/\\\/ks-zdole.si\\\/#website\"},\"primaryImageOfPage\":{\"@id\":\"https:\\\/\\\/ks-zdole.si\\\/index.php\\\/predstavitev\\\/#primaryimage\"},\"image\":{\"@id\":\"https:\\\/\\\/ks-zdole.si\\\/index.php\\\/predstavitev\\\/#primaryimage\"},\"thumbnailUrl\":\"https:\\\/\\\/ks-zdole.si\\\/wp-content\\\/uploads\\\/2023\\\/03\\\/cropped-zdole3-1024x384.jpg\",\"datePublished\":\"2023-07-11T13:11:40+00:00\",\"dateModified\":\"2024-03-02T15:48:01+00:00\",\"breadcrumb\":{\"@id\":\"https:\\\/\\\/ks-zdole.si\\\/index.php\\\/predstavitev\\\/#breadcrumb\"},\"inLanguage\":\"sl-SI\",\"potentialAction\":[{\"@type\":\"ReadAction\",\"target\":[\"https:\\\/\\\/ks-zdole.si\\\/index.php\\\/predstavitev\\\/\"]}]},{\"@type\":\"ImageObject\",\"inLanguage\":\"sl-SI\",\"@id\":\"https:\\\/\\\/ks-zdole.si\\\/index.php\\\/predstavitev\\\/#primaryimage\",\"url\":\"https:\\\/\\\/ks-zdole.si\\\/wp-content\\\/uploads\\\/2023\\\/03\\\/cropped-zdole3.jpg\",\"contentUrl\":\"https:\\\/\\\/ks-zdole.si\\\/wp-content\\\/uploads\\\/2023\\\/03\\\/cropped-zdole3.jpg\",\"width\":1600,\"height\":600},{\"@type\":\"BreadcrumbList\",\"@id\":\"https:\\\/\\\/ks-zdole.si\\\/index.php\\\/predstavitev\\\/#breadcrumb\",\"itemListElement\":[{\"@type\":\"ListItem\",\"position\":1,\"name\":\"Home\",\"item\":\"https:\\\/\\\/ks-zdole.si\\\/\"},{\"@type\":\"ListItem\",\"position\":2,\"name\":\"ZDOLE &#8211; ZGODOVINA\"}]},{\"@type\":\"WebSite\",\"@id\":\"https:\\\/\\\/ks-zdole.si\\\/#website\",\"url\":\"https:\\\/\\\/ks-zdole.si\\\/\",\"name\":\"KS - ZDOLE\",\"description\":\"Zdole, lu\u010d sveta!\",\"publisher\":{\"@id\":\"https:\\\/\\\/ks-zdole.si\\\/#organization\"},\"potentialAction\":[{\"@type\":\"SearchAction\",\"target\":{\"@type\":\"EntryPoint\",\"urlTemplate\":\"https:\\\/\\\/ks-zdole.si\\\/?s={search_term_string}\"},\"query-input\":{\"@type\":\"PropertyValueSpecification\",\"valueRequired\":true,\"valueName\":\"search_term_string\"}}],\"inLanguage\":\"sl-SI\"},{\"@type\":\"Organization\",\"@id\":\"https:\\\/\\\/ks-zdole.si\\\/#organization\",\"name\":\"KS - ZDOLE\",\"url\":\"https:\\\/\\\/ks-zdole.si\\\/\",\"logo\":{\"@type\":\"ImageObject\",\"inLanguage\":\"sl-SI\",\"@id\":\"https:\\\/\\\/ks-zdole.si\\\/#\\\/schema\\\/logo\\\/image\\\/\",\"url\":\"https:\\\/\\\/ks-zdole.si\\\/wp-content\\\/uploads\\\/2024\\\/04\\\/grb_zdole_150.png\",\"contentUrl\":\"https:\\\/\\\/ks-zdole.si\\\/wp-content\\\/uploads\\\/2024\\\/04\\\/grb_zdole_150.png\",\"width\":150,\"height\":184,\"caption\":\"KS - ZDOLE\"},\"image\":{\"@id\":\"https:\\\/\\\/ks-zdole.si\\\/#\\\/schema\\\/logo\\\/image\\\/\"}}]}<\/script>\n<!-- \/ Yoast SEO plugin. -->","yoast_head_json":{"title":"ZDOLE - ZGODOVINA - KS - ZDOLE","robots":{"index":"index","follow":"follow","max-snippet":"max-snippet:-1","max-image-preview":"max-image-preview:large","max-video-preview":"max-video-preview:-1"},"canonical":"https:\/\/ks-zdole.si\/index.php\/predstavitev\/","og_locale":"sl_SI","og_type":"article","og_title":"ZDOLE - ZGODOVINA - KS - ZDOLE","og_description":"V zadnjih desetletjih Avstro-Ogrske so v na\u0161ih krajih delovali avstrijski arheologi, ki so na\u0161li precej materialnih ostankov iz \u010dasa prazgodovine in antike, a jih vse odpeljali v Gradec ali na Dunaj, kjer so danes v muzejskih depojih. Materialne ostanke prisotnosti \u010dloveka v kovinskih dobah so na\u0161li v \u0160apolah in Kostanjku. \u0160lo je za ostanke naselja, [&hellip;]","og_url":"https:\/\/ks-zdole.si\/index.php\/predstavitev\/","og_site_name":"KS - ZDOLE","article_modified_time":"2024-03-02T15:48:01+00:00","og_image":[{"url":"https:\/\/ks-zdole.si\/wp-content\/uploads\/2023\/03\/cropped-zdole3-1024x384.jpg","type":"","width":"","height":""}],"twitter_card":"summary_large_image","twitter_misc":{"Est. reading time":"6 minut"},"schema":{"@context":"https:\/\/schema.org","@graph":[{"@type":"WebPage","@id":"https:\/\/ks-zdole.si\/index.php\/predstavitev\/","url":"https:\/\/ks-zdole.si\/index.php\/predstavitev\/","name":"ZDOLE - ZGODOVINA - KS - ZDOLE","isPartOf":{"@id":"https:\/\/ks-zdole.si\/#website"},"primaryImageOfPage":{"@id":"https:\/\/ks-zdole.si\/index.php\/predstavitev\/#primaryimage"},"image":{"@id":"https:\/\/ks-zdole.si\/index.php\/predstavitev\/#primaryimage"},"thumbnailUrl":"https:\/\/ks-zdole.si\/wp-content\/uploads\/2023\/03\/cropped-zdole3-1024x384.jpg","datePublished":"2023-07-11T13:11:40+00:00","dateModified":"2024-03-02T15:48:01+00:00","breadcrumb":{"@id":"https:\/\/ks-zdole.si\/index.php\/predstavitev\/#breadcrumb"},"inLanguage":"sl-SI","potentialAction":[{"@type":"ReadAction","target":["https:\/\/ks-zdole.si\/index.php\/predstavitev\/"]}]},{"@type":"ImageObject","inLanguage":"sl-SI","@id":"https:\/\/ks-zdole.si\/index.php\/predstavitev\/#primaryimage","url":"https:\/\/ks-zdole.si\/wp-content\/uploads\/2023\/03\/cropped-zdole3.jpg","contentUrl":"https:\/\/ks-zdole.si\/wp-content\/uploads\/2023\/03\/cropped-zdole3.jpg","width":1600,"height":600},{"@type":"BreadcrumbList","@id":"https:\/\/ks-zdole.si\/index.php\/predstavitev\/#breadcrumb","itemListElement":[{"@type":"ListItem","position":1,"name":"Home","item":"https:\/\/ks-zdole.si\/"},{"@type":"ListItem","position":2,"name":"ZDOLE &#8211; ZGODOVINA"}]},{"@type":"WebSite","@id":"https:\/\/ks-zdole.si\/#website","url":"https:\/\/ks-zdole.si\/","name":"KS - ZDOLE","description":"Zdole, lu\u010d sveta!","publisher":{"@id":"https:\/\/ks-zdole.si\/#organization"},"potentialAction":[{"@type":"SearchAction","target":{"@type":"EntryPoint","urlTemplate":"https:\/\/ks-zdole.si\/?s={search_term_string}"},"query-input":{"@type":"PropertyValueSpecification","valueRequired":true,"valueName":"search_term_string"}}],"inLanguage":"sl-SI"},{"@type":"Organization","@id":"https:\/\/ks-zdole.si\/#organization","name":"KS - ZDOLE","url":"https:\/\/ks-zdole.si\/","logo":{"@type":"ImageObject","inLanguage":"sl-SI","@id":"https:\/\/ks-zdole.si\/#\/schema\/logo\/image\/","url":"https:\/\/ks-zdole.si\/wp-content\/uploads\/2024\/04\/grb_zdole_150.png","contentUrl":"https:\/\/ks-zdole.si\/wp-content\/uploads\/2024\/04\/grb_zdole_150.png","width":150,"height":184,"caption":"KS - ZDOLE"},"image":{"@id":"https:\/\/ks-zdole.si\/#\/schema\/logo\/image\/"}}]}},"_links":{"self":[{"href":"https:\/\/ks-zdole.si\/index.php\/wp-json\/wp\/v2\/pages\/1329","targetHints":{"allow":["GET"]}}],"collection":[{"href":"https:\/\/ks-zdole.si\/index.php\/wp-json\/wp\/v2\/pages"}],"about":[{"href":"https:\/\/ks-zdole.si\/index.php\/wp-json\/wp\/v2\/types\/page"}],"author":[{"embeddable":true,"href":"https:\/\/ks-zdole.si\/index.php\/wp-json\/wp\/v2\/users\/1"}],"replies":[{"embeddable":true,"href":"https:\/\/ks-zdole.si\/index.php\/wp-json\/wp\/v2\/comments?post=1329"}],"version-history":[{"count":24,"href":"https:\/\/ks-zdole.si\/index.php\/wp-json\/wp\/v2\/pages\/1329\/revisions"}],"predecessor-version":[{"id":4484,"href":"https:\/\/ks-zdole.si\/index.php\/wp-json\/wp\/v2\/pages\/1329\/revisions\/4484"}],"wp:attachment":[{"href":"https:\/\/ks-zdole.si\/index.php\/wp-json\/wp\/v2\/media?parent=1329"}],"curies":[{"name":"wp","href":"https:\/\/api.w.org\/{rel}","templated":true}]}}